{"id":104,"date":"2018-02-28T23:18:24","date_gmt":"2018-02-28T22:18:24","guid":{"rendered":"http:\/\/www.polizeimotorsport-tirol.at\/Testseite\/?page_id=104"},"modified":"2024-01-31T18:56:46","modified_gmt":"2024-01-31T17:56:46","slug":"regeln","status":"publish","type":"page","link":"https:\/\/www.polizeimotorsport-tirol.at\/?page_id=104","title":{"rendered":"Regeln"},"content":{"rendered":"<p>[et_pb_section fb_built=&#8220;1&#8243; _builder_version=&#8220;4.16&#8243; background_color=&#8220;#212356&#8243; custom_padding=&#8220;41px|0px|43px|0px&#8220; global_colors_info=&#8220;{}&#8220;][et_pb_row _builder_version=&#8220;4.16&#8243; global_colors_info=&#8220;{}&#8220;][et_pb_column type=&#8220;4_4&#8243; _builder_version=&#8220;4.16&#8243; custom_padding=&#8220;|||&#8220; global_colors_info=&#8220;{}&#8220; custom_padding__hover=&#8220;|||&#8220;][et_pb_text _builder_version=&#8220;4.16&#8243; text_font=&#8220;||||||||&#8220; background_layout=&#8220;dark&#8220; global_colors_info=&#8220;{}&#8220;]<\/p>\n<h2 style=\"text-align: left;\"><span><b>SICHERHEITSREGELN<\/b>:<\/span><\/h2>\n<p>[\/et_pb_text][et_pb_text _builder_version=&#8220;4.16&#8243; text_font=&#8220;||||||||&#8220; background_layout=&#8220;dark&#8220; global_colors_info=&#8220;{}&#8220;]<\/p>\n<ul>\n<li><span style=\"text-align: justify;\">au\u00dferhalb der Rennstrecke gelten Geschwindigkeitsbeschr\u00e4nkungen, die strikt einzuhalten sind (Boxengasse 60 km\/h, Fahrerlager 20 km\/h)<\/span><\/li>\n<li>bei Einfahrt auf die Rennstrecke VORSICHT rechts bleiben \u2013 Schulterblick, ob ein gefahrloses Einfahren m\u00f6glich ist (absoluter Vorrang f\u00fcr Teilnehmer, die sich schon auf der Rennstrecke befinden)<\/li>\n<li>Verlassen der Rennstrecke f\u00fcr die Nachkommenden rechtzeitig anzeigen (Hand aufheben oder Fu\u00df rausstrecken) und am rechten Rand fahren<\/li>\n<li>bei Problemen (MR defekt oder Sonstiges) ein ZEICHEN geben (Hand aufheben oder Fu\u00df rausstrecken) und am Rand bis zur Boxenausfahrt weiterfahren oder, wenn das nicht m\u00f6glich ist, zumindest die Ideallinie verlassen<\/li>\n<li>vor Fahrtantritt den technischen Zustand des Motorrades \u00fcberpr\u00fcfen (alle Schraubverbindungen fest; alle Fl\u00fcssigkeitsverschl\u00fcsse fest und Bremsen \u00fcberpr\u00fcft)<\/li>\n<li>der HINTERE muss auf den VORDEREN aufpassen<\/li>\n<li>die gefahrene Linie nicht abrupt wechseln (bei unvorhersehbarem Wechsel besteht gro\u00dfe Gefahr f\u00fcr die Nachkommenden)<\/li>\n<li>keine abrupten oder unvorhersehbaren BREMSMAN\u00d6VER wegen Auffahrgefahr (z.B. bei Flaggensignale)<\/li>\n<li>der LANGSAMERE darf nicht auf den nachkommenden SCHNELLEREN achten (z.B. kein st\u00e4ndiges Spiegelschauen und wom\u00f6glich versuchen Platz zu machen). Der HINTERE kann die Linie des VORDEREN genau einsch\u00e4tzen, wenn dieser sie beibeh\u00e4lt und nicht pl\u00f6tzlich wechselt<\/li>\n<li>SIGNALE der Streckenposten strikt beachten und einhalten<\/li>\n<li>am BEGINN des Fahrens unbedingt LANGSAM anfangen\/einfahren (lieber LANGSAM anfangen und SCHNELL aufh\u00f6ren, als SCHNELL beginnen und aufgrund eines Sturzes SCHNELL aufh\u00f6ren m\u00fcssen)<\/li>\n<\/ul>\n<p>[\/et_pb_text][et_pb_text _builder_version=&#8220;4.16&#8243; text_font=&#8220;||||||||&#8220; background_layout=&#8220;dark&#8220; global_colors_info=&#8220;{}&#8220;]<\/p>\n<h2 style=\"text-align: left;\"><span><b>FAHRREGELN<\/b>:<\/span><\/h2>\n<p>[\/et_pb_text][et_pb_text _builder_version=&#8220;4.24.0&#8243; text_font=&#8220;||||||||&#8220; background_layout=&#8220;dark&#8220; hover_enabled=&#8220;0&#8243; global_colors_info=&#8220;{}&#8220; sticky_enabled=&#8220;0&#8243;]<\/p>\n<ul>\n<li>die KURVE grunds\u00e4tzlich von Au\u00dfen anfahren (es gibt Kurven, wo das nicht zutreffen muss); Jeder kann\/hat seine eigene Linie<\/li>\n<li>nicht auf den VORDEREN konzentrieren bzw. schauen (wenn dieser einen Fehler macht, macht man sonst h\u00f6chstwahrscheinlich den gleichen); dorthin SCHAUEN, wo man hinfahren will; den VORDEREN nur im Blickwinkel haben<\/li>\n<li>WEITWINKELBLICK (nicht Tunnelblick); wenn ein Streckenposten Signale gibt, m\u00fcssen diese wahrgenommen werden k\u00f6nnen<\/li>\n<li>SEHEN\/SCHAUEN; nicht unmittelbar vor das MR, aber auch nicht zu weit (sonst keine Orientierung)<\/li>\n<li>die SITZHALTUNG soll locker sein und nicht versteift\/verkrampft;<\/li>\n<li>HANG OFF ist kein &#8222;muss&#8220;; bringt auf der Rennstrecke zwar Vorteile und ist f\u00fcr richtige Rennfahrer unumg\u00e4nglich; (HINWEIS: auf \u00f6ffentlichen Stra\u00dfen raten wir grunds\u00e4tzlich davon ab, da die notwendige \u00dcbersicht nicht gegeben ist und auch eine schnelle Korrektur der gew\u00e4hlten Linie nicht mehr m\u00f6glich ist)<\/li>\n<li>BREMSE: die Vorderradbremse hat wegen der Gewichtsverlagerung mehr Bremswirkung als die Hinterradbremse; VORSICHT beim Verwenden der Hinterradbremse, da diese wesentlich schneller blockiert (STURZGEFAHR)<\/li>\n<\/ul>\n<p align=\"center\"><b>Bei Versto\u00df gegen die oben angef\u00fchrten SICHERHEITSREGELN ist mit dem Ausschluss von der Veranstaltung zu rechnen.<\/b><\/p>\n<p align=\"center\"><b>Die oben aufgez\u00e4hlten FAHRREGELN sind Tipps vom Veranstalter, jedoch kann weder f\u00fcr deren Umsetzung, noch f\u00fcr etwaige Folgen aus einer (fehlerhaften) Umsetzung keinerlei Gew\u00e4hrleistung \u00fcbernommen werden.<\/b><\/p>\n<p align=\"center\"><b>Mit unserer Veranstaltung wollen wir keine Rennfahrer ausbilden, sondern den BESSEREN Umgang mit dem Motorrad vermitteln und durch Steigerung des FAHRK\u00d6NNENS die SICHERHEIT und nicht das SCHNELLFAHREN auf \u00f6ffentlichen Stra\u00dfen f\u00f6rdern.<\/b><\/p>\n<p>[\/et_pb_text][\/et_pb_column][\/et_pb_row][\/et_pb_section]<\/p>\n","protected":false},"excerpt":{"rendered":"<p>SICHERHEITSREGELN: au\u00dferhalb der Rennstrecke gelten Geschwindigkeitsbeschr\u00e4nkungen, die strikt einzuhalten sind (Boxengasse 60 km\/h, Fahrerlager 20 km\/h) bei Einfahrt auf die Rennstrecke VORSICHT rechts bleiben \u2013 Schulterblick, ob ein gefahrloses Einfahren m\u00f6glich ist (absoluter Vorrang f\u00fcr Teilnehmer, die sich schon auf der Rennstrecke befinden) Verlassen der Rennstrecke f\u00fcr die Nachkommenden rechtzeitig anzeigen (Hand aufheben oder Fu\u00df [&hellip;]<\/p>\n","protected":false},"author":1,"featured_media":0,"parent":54,"menu_order":0,"comment_status":"closed","ping_status":"closed","template":"","meta":{"_et_pb_use_builder":"on","_et_pb_old_content":"","_et_gb_content_width":"","footnotes":""},"class_list":["post-104","page","type-page","status-publish","hentry"],"_links":{"self":[{"href":"https:\/\/www.polizeimotorsport-tirol.at\/index.php?rest_route=\/wp\/v2\/pages\/104","targetHints":{"allow":["GET"]}}],"collection":[{"href":"https:\/\/www.polizeimotorsport-tirol.at\/index.php?rest_route=\/wp\/v2\/pages"}],"about":[{"href":"https:\/\/www.polizeimotorsport-tirol.at\/index.php?rest_route=\/wp\/v2\/types\/page"}],"author":[{"embeddable":true,"href":"https:\/\/www.polizeimotorsport-tirol.at\/index.php?rest_route=\/wp\/v2\/users\/1"}],"replies":[{"embeddable":true,"href":"https:\/\/www.polizeimotorsport-tirol.at\/index.php?rest_route=%2Fwp%2Fv2%2Fcomments&post=104"}],"version-history":[{"count":6,"href":"https:\/\/www.polizeimotorsport-tirol.at\/index.php?rest_route=\/wp\/v2\/pages\/104\/revisions"}],"predecessor-version":[{"id":32623,"href":"https:\/\/www.polizeimotorsport-tirol.at\/index.php?rest_route=\/wp\/v2\/pages\/104\/revisions\/32623"}],"up":[{"embeddable":true,"href":"https:\/\/www.polizeimotorsport-tirol.at\/index.php?rest_route=\/wp\/v2\/pages\/54"}],"wp:attachment":[{"href":"https:\/\/www.polizeimotorsport-tirol.at\/index.php?rest_route=%2Fwp%2Fv2%2Fmedia&parent=104"}],"curies":[{"name":"wp","href":"https:\/\/api.w.org\/{rel}","templated":true}]}}