{"id":106,"date":"2018-02-28T23:18:52","date_gmt":"2018-02-28T22:18:52","guid":{"rendered":"http:\/\/www.polizeimotorsport-tirol.at\/Testseite\/?page_id=106"},"modified":"2024-11-30T08:59:29","modified_gmt":"2024-11-30T07:59:29","slug":"teilnahmebedingungen","status":"publish","type":"page","link":"https:\/\/www.polizeimotorsport-tirol.at\/?page_id=106","title":{"rendered":"Teilnahme-bedingungen"},"content":{"rendered":"<p>[et_pb_section fb_built=&#8220;1&#8243; _builder_version=&#8220;4.16&#8243; background_color=&#8220;#212356&#8243; custom_padding=&#8220;135px|0px|50px|0px&#8220; global_colors_info=&#8220;{}&#8220;][et_pb_row _builder_version=&#8220;4.16&#8243; global_colors_info=&#8220;{}&#8220;][et_pb_column type=&#8220;4_4&#8243; _builder_version=&#8220;4.16&#8243; custom_padding=&#8220;|||&#8220; global_colors_info=&#8220;{}&#8220; custom_padding__hover=&#8220;|||&#8220;][et_pb_text _builder_version=&#8220;4.16&#8243; text_font=&#8220;||||||||&#8220; background_layout=&#8220;dark&#8220; custom_margin=&#8220;||20px|&#8220; global_colors_info=&#8220;{}&#8220;]<\/p>\n<h1 style=\"text-align: center;\">Teilnahmebedingungen 2025<\/h1>\n<p>[\/et_pb_text][\/et_pb_column][\/et_pb_row][et_pb_row make_equal=&#8220;on&#8220; _builder_version=&#8220;4.16&#8243; background_size=&#8220;initial&#8220; background_position=&#8220;top_left&#8220; background_repeat=&#8220;repeat&#8220; max_width=&#8220;80%&#8220; module_alignment=&#8220;center&#8220; use_custom_width=&#8220;on&#8220; width_unit=&#8220;off&#8220; global_colors_info=&#8220;{}&#8220;][et_pb_column type=&#8220;4_4&#8243; _builder_version=&#8220;4.16&#8243; custom_padding=&#8220;|||&#8220; global_colors_info=&#8220;{}&#8220; custom_padding__hover=&#8220;|||&#8220;][et_pb_text _builder_version=&#8220;4.16&#8243; text_font=&#8220;||||||||&#8220; background_layout=&#8220;dark&#8220; global_colors_info=&#8220;{}&#8220;]<\/p>\n<ol>\n<li><strong><u>Anmeldung und Ablauf:<\/u><\/strong>\n<ol>\n<li>Der PSV-Tirol, Sektion Motorsport genehmigt Motorradfahrern, die sich rechtzeitig angemeldet und die Teilnahmegeb\u00fchr vollst\u00e4ndig bezahlt haben, die Rennstrecke in der laut Zeitplan vorgegebenen Zeit zu benutzen.<\/li>\n<li>Die Teilnehmer werden in vier Gruppen eingeteilt. Der Gruppenwechsel erfolgt alle 20 Minuten. \u00c4nderungen und Abweichungen sind dem Veranstalter bei Notwendigkeit vorbehalten.<\/li>\n<li>Die Anmeldung an der Rennstrecke\u00a0 sowie die Teilnahme an der Fahrerbesprechung sind obligatorisch f\u00fcr eine Teilnahme.<\/li>\n<li>Startnummer-Aufkleber werden anl\u00e4sslich der Anmeldung an der Rennstrecke bei Bedarf ausgegeben.<\/li>\n<li>Es besteht Transponderpflicht f\u00fcr alle Teilnehmer.<\/li>\n<li>Am Pannoniaring sind die Transponder im B\u00fcro neben dem Race-Office des Veranstalters gegen eine direkt dort gesondert zu entrichtende Geb\u00fchr von \u20ac 15,- pro Tag verf\u00fcgbar.<\/li>\n<li>Am Motodrom Grobnik sind die Transponder im ersten Stock des Hauptgeb\u00e4udes gegen Hinterlegung eines Identit\u00e4tsdokuments verf\u00fcgbar und in der Teilnahmegeb\u00fchr bereits inbegriffen.<\/li>\n<\/ol>\n<\/li>\n<li><strong><u>Haftungsverzicht:<\/u><\/strong>\n<ol>\n<li>Der Teilnehmer tr\u00e4gt das mit der Veranstaltung verbundene Gefahrenrisiko und die alleinige zivil- und strafrechtliche Verantwortung f\u00fcr etwaige durch ihn bzw. das von ihm gefahrene Motorrad verursachte Sch\u00e4den.<\/li>\n<li>Der Veranstalter, dessen Beauftragte und Helfer sind von jeglicher Haftung ausgeschlossen und nicht verpflichtet, eine Versicherung f\u00fcr die Veranstaltung abzuschlie\u00dfen.<\/li>\n<li>Der Teilnehmer haftet f\u00fcr von ihm oder sein Fahrzeug Werden vom Teilnehmer die Rennstrecke selbst, Leitschienen, Boxen oder sonstige Einrichtungen besch\u00e4digt oder verschmutzt, so haftet hierf\u00fcr der Teilnehmer bzw. Verursacher.<\/li>\n<li>Der Veranstalter haftet nicht f\u00fcr Unf\u00e4lle im Verlauf der Veranstaltung bzw. daraus resultierende Personen- oder Sachsch\u00e4den.<\/li>\n<li>Die Teilnahme erfolgt auf eigene Gefahr.<\/li>\n<li>Der Veranstalter \u00fcbernimmt keine Gew\u00e4hr f\u00fcr den Zustand der Rennstrecke und deren Einrichtungen.<\/li>\n<\/ol>\n<\/li>\n<li><strong><u>R\u00fccktritt:<\/u><\/strong>\n<ol>\n<li>Der PSV-Tirol, Motorsport beh\u00e4lt sich ein R\u00fccktrittsrecht vor, bei\n<ol>\n<li>Eintritt au\u00dfergew\u00f6hnlicher Umst\u00e4nde bzw. h\u00f6herer Gewalt.<\/li>\n<li>R\u00fccktritt vom Vertrag mit dem Rennstreckenpartner oder durch diesen.<\/li>\n<\/ol>\n<\/li>\n<li>Der Teilnehmer kann innerhalb von 10 Tagen nach der Anmeldung zur\u00fccktreten.<\/li>\n<li>Bei 3.1.1, 3.1.2 und 3.2 erh\u00e4lt der Teilnehmer seine Teilnahmegeb\u00fchr abz\u00fcglich \u20ac 10,- Bearbeitungsgeb\u00fchr zur\u00fcck.<\/li>\n<li>Tritt der Teilnehmer nach 10 Tagen und bis 6 Wochen vor Beginn der Veranstaltung zur\u00fcck, wird eine Stornogeb\u00fchr von \u20ac 75,- einbehalten.<\/li>\n<li>Die letzten 6 Wochen vor der Veranstaltung ist ein R\u00fccktritt nicht m\u00f6glich.<\/li>\n<\/ol>\n<\/li>\n<li><strong style=\"font-size: 18px;\"><u>Ausschluss:<br \/><\/u><\/strong><span style=\"font-size: 18px;\"><span style=\"font-size: 18px;\">Das Nichtbeachten der Anweisungen. St\u00f6ren der Veranstaltung etc., egal ob versehentlich oder mutwillig, berechtigt den Veranstalter zum sofortigen bzw. zeitlichen Ausschluss des Teilnehmers. Der Teilnehmer hat hierbei kein Recht auf R\u00fcckerstattung der Teilnahmegeb\u00fchr.<\/span><\/span>\u00a0<\/li>\n<li><strong><u>Technischer Zustand des Fahrzeuges:<\/u><\/strong>\n<ol>\n<li>Fahrzeuge m\u00fcssen in einem technisch einwandfreiem Zustand sein.<\/li>\n<li>Licht, Blinker und Spiegel sind abzukleben bzw. abzumontieren (Verletzungsgefahr).<\/li>\n<li>Bei 5.1 und 5.2 kann Punkt 4 der Ausschreibung zur Anwendung kommen.<\/li>\n<\/ol>\n<\/li>\n<li><strong><u>Flaggensignale:<\/u><\/strong><\/li>\n<\/ol>\n<p style=\"padding-left: 60px;\"><u>ROTE Flagge<\/u>: sofortiger Abbruch, \u00dcberholverbot, Runde langsam beenden. Strecke verlassen.<\/p>\n<p style=\"padding-left: 60px;\"><u>GELBE Flagge:<\/u>\u00a0Gefahr, Vorsicht, \u00d6lspur, Fahrzeuge auf der Strecke, \u00dcberholverbot, Geschwindigkeit reduzieren.<\/p>\n<p style=\"padding-left: 60px;\"><u>GELB-ROTE Flagge<\/u>: Gefahr, Vorsicht \u00d6l auf der Fahrbahn.<\/p>\n<p style=\"padding-left: 60px;\"><u>WEISSE Flagge<\/u>: langsames Fahrzeug auf der Strecke (Krankenwagen etc.).<\/p>\n<p style=\"padding-left: 60px;\"><u>BLAUE Flagge<\/u>: \u00dcberholen lassen.<\/p>\n<p style=\"padding-left: 60px;\"><u>SCHWARZWEISS KARRIERTE Flagge<\/u>: Runde beenden, Training zu Ende, Rennstrecke verlassen.<\/p>\n<p style=\"padding-left: 60px;\"><u>SCHWARZE Flagge u gleichzeitiges Anzeigen der Startnummer:<\/u> Runde beenden, Strecke verlassen. Fahrer mit Motorrad sofort zum Veranstalter.<\/p>\n<ol>\n<li><strong><u>Sonstiges:<\/u><\/strong>\n<ol>\n<li>Den Anweisungen des Veranstalters ist strikt Folge zu leisten. Dies gilt auch f\u00fcr dessen Beauftragte und Helfer.<\/li>\n<li>Jeder Teilnehmer hat sich so zu verhalten, dass er andere nicht gef\u00e4hrdet.<\/li>\n<li>Es ist besonderes Augenmerk darauf zu geben, dass Fahrzeuge verschiedener ccm- und PS-Klassen auf der Strecke fahren, wodurch sich Geschwindigkeitsunterschiede ergeben. Wir sind keine Rennfahrer, also bitte mit entsprechendem Abstand \u00fcberholen!!!<\/li>\n<li>F\u00fcr das Verhalten auf der Rennstrecke gelten die Bestimmungen der Stra\u00dfenverkehrsordnung.<\/li>\n<li>Auf der Rennstrecke nicht Zickzack fahren (Linie beibehalten) oder Anhalten.<\/li>\n<li>Der Hintere muss auf den Vorderen aufpassen.<\/li>\n<li>Vor dem Verlassen der Rennstrecke ist dies durch Heben der linken Hand\/Fu\u00df anzuzeigen.<\/li>\n<li>Das Motorrad darf nur vom angemeldeten Teilnehmer gefahren werden. Die Startnummer darf nicht weitergegeben werden (siehe Punkt 4 der Ausschreibung).<\/li>\n<li>Die Boxengasse ist Einbahnstra\u00dfe mit einer zul\u00e4ssigen H\u00f6chstgeschwindigkeit von 60 km\/h. Im Fahrerlager gilt Schrittgeschwindigkeit.<\/li>\n<li>Bei Sturz oder schlechtem Wetter wird die Teilnahmegeb\u00fchr nicht zur\u00fcckerstattet.<\/li>\n<li>Bei Genuss von Alkohol oder Einnahme starker Medikamente besteht absolutes Fahrverbot.<\/li>\n<li>Wir empfehlen jedem Teilnehmer den Abschluss einer Auslandskrankenversicherung.<\/li>\n<li>Es werden keine Rennen mit Zeitnahme abgewickelt die auf H\u00f6chstgeschwindigkeit ausgerichtet sind.<\/li>\n<li>Das Motorrad-Fahrsicherheitstraining dient der Verbesserung der Fahrsicherheit und der Fahrzeugbeherrschung.<\/li>\n<\/ol>\n<\/li>\n<\/ol>\n<p style=\"text-align: center;\">\n<p>&nbsp;<\/p>\n<p>[\/et_pb_text][\/et_pb_column][\/et_pb_row][\/et_pb_section]<\/p>\n","protected":false},"excerpt":{"rendered":"<p>Teilnahmebedingungen 2025 Anmeldung und Ablauf: Der PSV-Tirol, Sektion Motorsport genehmigt Motorradfahrern, die sich rechtzeitig angemeldet und die Teilnahmegeb\u00fchr vollst\u00e4ndig bezahlt haben, die Rennstrecke in der laut Zeitplan vorgegebenen Zeit zu benutzen. Die Teilnehmer werden in vier Gruppen eingeteilt. Der Gruppenwechsel erfolgt alle 20 Minuten. \u00c4nderungen und Abweichungen sind dem Veranstalter bei Notwendigkeit vorbehalten. Die Anmeldung [&hellip;]<\/p>\n","protected":false},"author":1,"featured_media":0,"parent":54,"menu_order":0,"comment_status":"closed","ping_status":"closed","template":"","meta":{"_et_pb_use_builder":"on","_et_pb_old_content":"","_et_gb_content_width":"","footnotes":""},"class_list":["post-106","page","type-page","status-publish","hentry"],"_links":{"self":[{"href":"https:\/\/www.polizeimotorsport-tirol.at\/index.php?rest_route=\/wp\/v2\/pages\/106","targetHints":{"allow":["GET"]}}],"collection":[{"href":"https:\/\/www.polizeimotorsport-tirol.at\/index.php?rest_route=\/wp\/v2\/pages"}],"about":[{"href":"https:\/\/www.polizeimotorsport-tirol.at\/index.php?rest_route=\/wp\/v2\/types\/page"}],"author":[{"embeddable":true,"href":"https:\/\/www.polizeimotorsport-tirol.at\/index.php?rest_route=\/wp\/v2\/users\/1"}],"replies":[{"embeddable":true,"href":"https:\/\/www.polizeimotorsport-tirol.at\/index.php?rest_route=%2Fwp%2Fv2%2Fcomments&post=106"}],"version-history":[{"count":23,"href":"https:\/\/www.polizeimotorsport-tirol.at\/index.php?rest_route=\/wp\/v2\/pages\/106\/revisions"}],"predecessor-version":[{"id":32681,"href":"https:\/\/www.polizeimotorsport-tirol.at\/index.php?rest_route=\/wp\/v2\/pages\/106\/revisions\/32681"}],"up":[{"embeddable":true,"href":"https:\/\/www.polizeimotorsport-tirol.at\/index.php?rest_route=\/wp\/v2\/pages\/54"}],"wp:attachment":[{"href":"https:\/\/www.polizeimotorsport-tirol.at\/index.php?rest_route=%2Fwp%2Fv2%2Fmedia&parent=106"}],"curies":[{"name":"wp","href":"https:\/\/api.w.org\/{rel}","templated":true}]}}