{"id":114,"date":"2018-02-28T23:32:30","date_gmt":"2018-02-28T22:32:30","guid":{"rendered":"http:\/\/www.polizeimotorsport-tirol.at\/Testseite\/?page_id=114"},"modified":"2026-03-14T19:26:55","modified_gmt":"2026-03-14T18:26:55","slug":"perfektionskurse","status":"publish","type":"page","link":"https:\/\/www.polizeimotorsport-tirol.at\/?page_id=114","title":{"rendered":"Perfektionskurse"},"content":{"rendered":"<p>[et_pb_section fb_built=&#8220;1&#8243; admin_label=&#8220;section&#8220; _builder_version=&#8220;4.16&#8243; background_image=&#8220;https:\/\/www.polizeimotorsport-tirol.at\/wp-content\/uploads\/2018\/03\/MG_9908_crop_desat.jpg&#8220; parallax=&#8220;on&#8220; custom_padding=&#8220;60px|0px|60px|0px&#8220; top_divider_style=&#8220;slant2&#8243; top_divider_color=&#8220;#212356&#8243; top_divider_height=&#8220;60px&#8220; bottom_divider_style=&#8220;slant2&#8243; bottom_divider_color=&#8220;#212356&#8243; bottom_divider_height=&#8220;60px&#8220; global_colors_info=&#8220;{}&#8220;][et_pb_row column_structure=&#8220;2_3,1_3&#8243; module_class=&#8220; et_pb_row_fullwidth&#8220; _builder_version=&#8220;4.16&#8243; background_size=&#8220;initial&#8220; background_position=&#8220;top_left&#8220; background_repeat=&#8220;repeat&#8220; width=&#8220;89%&#8220; width_tablet=&#8220;80%&#8220; width_phone=&#8220;&#8220; width_last_edited=&#8220;on|desktop&#8220; max_width=&#8220;89%&#8220; max_width_tablet=&#8220;80%&#8220; max_width_phone=&#8220;&#8220; max_width_last_edited=&#8220;on|desktop&#8220; module_alignment=&#8220;center&#8220; custom_margin=&#8220;|||&#8220; animation_style=&#8220;slide&#8220; animation_direction=&#8220;left&#8220; animation_delay=&#8220;500ms&#8220; animation_intensity_slide=&#8220;10%&#8220; border_radii=&#8220;on|5px|5px|5px|5px&#8220; make_fullwidth=&#8220;on&#8220; global_colors_info=&#8220;{}&#8220;][et_pb_column type=&#8220;2_3&#8243; _builder_version=&#8220;4.16&#8243; custom_padding=&#8220;5px|5px|5px|5px&#8220; global_colors_info=&#8220;{}&#8220; custom_padding__hover=&#8220;|||&#8220;][et_pb_text _builder_version=&#8220;4.27.4&#8243; text_text_color=&#8220;#ffffff&#8220; background_size=&#8220;initial&#8220; background_position=&#8220;top_left&#8220; background_repeat=&#8220;repeat&#8220; background_layout=&#8220;dark&#8220; custom_margin=&#8220;|10||&#8220; custom_padding=&#8220;|||&#8220; animation_style=&#8220;slide&#8220; animation_direction=&#8220;left&#8220; animation_delay=&#8220;250ms&#8220; global_colors_info=&#8220;{}&#8220;]<\/p>\n<p style=\"font-weight: 400; text-align: center;\"><span style=\"color: #ffffff;\"><br \/>Wir bieten kostenlose Fahrtechnikkurse f\u00fcr Motorradfahrer jeden Alters und F\u00e4higkeitsstufe an.<\/span><\/p>\n<p style=\"font-weight: 400; text-align: center;\"><span style=\"color: #ffffff;\">Diese Kurse halten wir schon einige Jahre ab und kommen bei den Teilnehmern sehr gut an. Gefahren wird stets mit dem eigenen Motorrad auf Asphalt in einem gesperrten Gel\u00e4nde.<\/span><\/p>\n<p style=\"font-weight: 400; text-align: center;\"><span style=\"color: #ffffff;\">Alle Kurse sind <strong>kostenlos<\/strong> und werden von den Instruktoren in ihrer Freizeit abgehalten.<\/span><\/p>\n<p style=\"font-weight: 400; text-align: center;\"><span style=\"color: #ffffff;\">Die Trainings finden bei <strong>jedem Wetter<\/strong> statt.<\/span><\/p>\n<p style=\"font-weight: 400; text-align: center;\"><strong><span style=\"text-decoration: underline;\"><span style=\"color: #ffffff; text-decoration: underline;\">Aufgrund baulicher T\u00e4tigkeiten am ehemaligen Gel\u00e4nde wurde der Austragungsort ge\u00e4ndert. Die Trainings am Betriebsgel\u00e4nde der <span style=\"color: #edf000; text-decoration: underline;\">Autobahnmeisterei Vomp<\/span> statt. <\/span><\/span><\/strong><\/p>\n<p style=\"font-weight: 400; text-align: center;\"><span style=\"color: #ffffff;\">Beginn: 09:00 Uhr und Ende: 16:00 Uhr<\/span><\/p>\n<p style=\"font-weight: 400; text-align: center;\"><span style=\"color: #ffffff;\"><\/span><\/p>\n<p style=\"text-align: center;\"><strong><span style=\"color: #ffffff; font-size: large;\"><u>Termine 2026:<\/u><\/span><\/strong><strong><span style=\"color: #ffffff; font-size: large;\"><u><\/u><\/span><\/strong><\/p>\n<p style=\"text-align: center;\"><span style=\"color: #a50000;\">25. April 2026 &#8211; Samstag &#8211; Ausgebucht<\/span><br \/><span style=\"color: #a50000;\">26. April 2026 &#8211; Sonntag &#8211; Ausgebucht<\/span><\/p>\n<p style=\"text-align: center;\"><span style=\"color: #a50000;\">02. Mai 2026 &#8211; Samstag &#8211; Ausgebucht<\/span><br \/><span style=\"color: #a50000;\">03. Mai 2026 &#8211; Sonntag &#8211; Ausgebucht<\/span><\/p>\n<p style=\"text-align: center;\"><span style=\"color: #a50000;\">16. Mai 2026 &#8211; Samstag &#8211; Ausgebucht<\/span><br \/><span style=\"color: #a50000;\">17. Mai 2026 &#8211; Sonntag &#8211; Ausgebucht<\/span><\/p>\n<p style=\"text-align: center;\"><span style=\"color: #a50000;\">23. Mai 2026 &#8211; Samstag &#8211; Ausgebucht<\/span><br \/><span style=\"color: #a50000;\">24. Mai 2026 &#8211; Sonntag &#8211; Ausgebucht<\/span><\/p>\n<p style=\"text-align: center;\"><span style=\"color: #a50000;\">06. Juni 2026 &#8211; Samstag &#8211; Ausgebucht<\/span><br \/><span style=\"color: #a50000;\">07. Juni 2026 &#8211; Sonntag &#8211; Ausgebucht<\/span><\/p>\n<p style=\"text-align: center;\"><span style=\"color: #ffffff;\"><strong><span style=\"color: #7cda24;\"><\/span><\/strong><\/span><\/p>\n<p style=\"text-align: center;\"><span style=\"color: #000000;\"><strong><\/strong><\/span><\/p>\n<p style=\"font-weight: 400; text-align: center;\"><strong>Anfragen und Anmeldungen sind bitte ausschlie\u00dflich an Denis SCHUBERT \u00fcber <a href=\"mailto:perfektionstraining@polizeimotorsport-tirol.at\">perfektionstraining@polizeimotorsport-tirol.at<\/a> zu stellen.<\/strong><\/p>\n<p>[\/et_pb_text][et_pb_text _builder_version=&#8220;4.27.4&#8243; custom_margin=&#8220;||-5px|||&#8220; custom_padding=&#8220;||0px|||&#8220; global_colors_info=&#8220;{}&#8220;]<\/p>\n<p style=\"text-align: center;\"><span style=\"color: #ffffff;\">unterst\u00fctzt durch:<\/span><\/p>\n<p style=\"text-align: center;\"><span style=\"color: #ffffff;\"><\/span><\/p>\n<p>[\/et_pb_text][et_pb_image src=&#8220;https:\/\/www.polizeimotorsport-tirol.at\/wp-content\/uploads\/2019\/10\/Landeslogo_4c.png&#8220; _builder_version=&#8220;4.16&#8243; width=&#8220;25%&#8220; max_width=&#8220;20%&#8220; module_alignment=&#8220;center&#8220; custom_margin=&#8220;||0px|||&#8220; border_radii=&#8220;on|20px|20px|20px|20px&#8220; global_colors_info=&#8220;{}&#8220;][\/et_pb_image][\/et_pb_column][et_pb_column type=&#8220;1_3&#8243; _builder_version=&#8220;4.16&#8243; custom_padding=&#8220;5px|5px|5px|5px&#8220; global_colors_info=&#8220;{}&#8220; custom_padding__hover=&#8220;|||&#8220;][et_pb_team_member name=&#8220;Denis SCHUBERT&#8220; position=&#8220;Koordinator Fahrtechnik&#8220; image_url=&#8220;https:\/\/www.polizeimotorsport-tirol.at\/wp-content\/uploads\/2022\/05\/7R31676-Bearbeitet-2-scaled.jpg&#8220; icon_color=&#8220;#c30f1a&#8220; _builder_version=&#8220;4.27.4&#8243; header_text_align=&#8220;center&#8220; header_text_color=&#8220;#ffffff&#8220; header_font_size=&#8220;20px&#8220; body_text_align=&#8220;center&#8220; body_text_color=&#8220;#ffffff&#8220; background_color=&#8220;#212356&#8243; transform_translate_linked=&#8220;off&#8220; text_orientation=&#8220;center&#8220; max_width=&#8220;70%&#8220; module_alignment=&#8220;center&#8220; custom_margin=&#8220;0px|0px|31px|0px|false|true&#8220; custom_padding=&#8220;0px|20px|13px|20px|false|true&#8220; child_filter_saturate=&#8220;95%&#8220; link_option_url=&#8220;mailto:gerhardpeer@gmx.at&#8220; header_text_shadow_style=&#8220;preset3&#8243; border_radii=&#8220;on|20px|20px|20px|20px&#8220; border_color_all=&#8220;#c30f1a&#8220; border_width_top=&#8220;20px&#8220; border_radii_image=&#8220;off|||20px|20px&#8220; border_color_all_image=&#8220;#c30f1a&#8220; box_shadow_style=&#8220;preset1&#8243; box_shadow_horizontal=&#8220;15px&#8220; box_shadow_vertical=&#8220;15px&#8220; locked=&#8220;off&#8220; global_colors_info=&#8220;{}&#8220; max_width__hover_enabled=&#8220;off|desktop&#8220;]<\/p>\n<p>Email: <a href=\"mailto:perfektionstraining@polizeimotorsport-tirol.at\">perfektionstraining@polizeimotorsport-tirol.at<\/a><\/p>\n<p>[\/et_pb_team_member][et_pb_code _builder_version=&#8220;4.24.0&#8243; custom_padding=&#8220;|||&#8220; animation_style=&#8220;slide&#8220; animation_direction=&#8220;right&#8220; animation_delay=&#8220;250ms&#8220; global_colors_info=&#8220;{}&#8220;]<iframe src=\"https:\/\/www.google.com\/maps\/embed?pb=!1m18!1m12!1m3!1d2704.2964474452465!2d11.672365876490653!3d47.32808150716898!2m3!1f0!2f0!3f0!3m2!1i1024!2i768!4f13.1!3m3!1m2!1s0x479d7cd3a9f1ea65%3A0xf5b6ffce5081c437!2sASFINAG%20Autobahnmeisterei%20Vomp!5e0!3m2!1sde!2sat!4v1706179061871!5m2!1sde!2sat\" width=\"600\" height=\"450\" style=\"border:0;\" allowfullscreen=\"\" loading=\"lazy\" referrerpolicy=\"no-referrer-when-downgrade\"><\/iframe>[\/et_pb_code][\/et_pb_column][\/et_pb_row][\/et_pb_section]<\/p>\n","protected":false},"excerpt":{"rendered":"<p>Wir bieten kostenlose Fahrtechnikkurse f\u00fcr Motorradfahrer jeden Alters und F\u00e4higkeitsstufe an. Diese Kurse halten wir schon einige Jahre ab und kommen bei den Teilnehmern sehr gut an. Gefahren wird stets mit dem eigenen Motorrad auf Asphalt in einem gesperrten Gel\u00e4nde. Alle Kurse sind kostenlos und werden von den Instruktoren in ihrer Freizeit abgehalten. Die Trainings [&hellip;]<\/p>\n","protected":false},"author":1,"featured_media":0,"parent":0,"menu_order":0,"comment_status":"closed","ping_status":"closed","template":"","meta":{"_et_pb_use_builder":"on","_et_pb_old_content":"<p style=\"font-weight: 400; text-align: justify;\"><span style=\"color: #ffffff;\">Wir bieten kostenlose Fahrtechnikkurse f\u00fcr Motorradfahrer jeden Alters und F\u00e4higkeitsstufe an. Diese Kurse halten wir schon einige Jahre ab und kommen bei den Teilnehmern sehr gut an. Gefahren wird stets mit dem eigenen Motorrad auf Asphalt in einem gesperrten Gel\u00e4nde.<\/span><\/p>\r\n<p style=\"font-weight: 400; text-align: justify;\"><span style=\"color: #ffffff;\">Alle Kurse sind <strong>kostenlos<\/strong> und werden von den\u00a0Instruktoren in ihrer Freizeit abgehalten. Die Kurse finden bei\u00a0<strong>jedem Wetter<\/strong>\u00a0statt.<\/span><\/p>\r\n<p style=\"text-align: justify;\"><span style=\"color: #ffffff;\"><u>Termine f\u00fcr 2018:<\/u><\/span><\/p>\r\n<p style=\"font-weight: 400; text-align: justify;\"><span style=\"color: #ffffff;\">Perfektionskurse\u00a0auf dem Betriebsgel\u00e4nde der Autobahnmeisterei Zirl. Die Kurse beginnen um 09:00 Uhr und enden um 16:00 Uhr.<\/span><\/p>\r\n\r\n<ol style=\"font-weight: 400;\">\r\n \t<li><span style=\"color: #ffffff;\">SA 28.04. Perfektionskurs -\u00a0<em>ausgebucht<\/em><\/span><\/li>\r\n \t<li><span style=\"color: #ffffff;\">SO 29.04. Perfektionskurs -\u00a0<em>ausgebucht<\/em><\/span><\/li>\r\n \t<li><span style=\"color: #ffffff;\">SA 05.05. Perfektionskurs -\u00a0<em>ausgebucht<\/em><\/span><\/li>\r\n \t<li><span style=\"color: #ffffff;\">SO 06.05. Perfektionskurs -\u00a0<em>ausgebucht<\/em><\/span><\/li>\r\n \t<li><span style=\"color: #ffffff;\">SA 12.05.\u00a0Perfektionskurs -\u00a0<em>ausgebucht<\/em><\/span><\/li>\r\n \t<li><span style=\"color: #ffffff;\">SA 19.05.\u00a0Perfektionskurs -\u00a0<i><em>buchbar<\/em><\/i><\/span><\/li>\r\n \t<li><span style=\"color: #ffffff;\">SO 20.05. Perfektionskurs -\u00a0<i><em>buchbar<\/em><\/i><\/span><\/li>\r\n \t<li><span style=\"color: #ffffff;\">SA 26.05. Perfektionskurs -<i><em>\u00a0buchbar<\/em><\/i><\/span><\/li>\r\n \t<li><span style=\"color: #ffffff;\">SO 27.05. Perfektionskurs -<i><em>\u00a0buchbar<\/em><\/i><\/span><\/li>\r\n \t<li><span style=\"color: #ffffff;\">SA 02.06. Perfektionskurs -<i><em>\u00a0buchbar<\/em><\/i><\/span><\/li>\r\n<\/ol>\r\n<p style=\"font-weight: 400; text-align: center;\"><span style=\"color: #ffffff;\"><strong>Die\u00a0Anmeldungen\u00a0sind bitte ausschlie\u00dflich an Gerhard Peer, Tel: +43 664 407 06 03 oder Email:\u00a0<a style=\"color: #ffffff;\" href=\"mailto:gerhardpeer@gmx.at\">gerhardpeer(at)gmx.at<\/a>\u00a0\u00a0zu stellen.<\/strong><\/span><\/p>","_et_gb_content_width":"","footnotes":""},"class_list":["post-114","page","type-page","status-publish","hentry"],"_links":{"self":[{"href":"https:\/\/www.polizeimotorsport-tirol.at\/index.php?rest_route=\/wp\/v2\/pages\/114","targetHints":{"allow":["GET"]}}],"collection":[{"href":"https:\/\/www.polizeimotorsport-tirol.at\/index.php?rest_route=\/wp\/v2\/pages"}],"about":[{"href":"https:\/\/www.polizeimotorsport-tirol.at\/index.php?rest_route=\/wp\/v2\/types\/page"}],"author":[{"embeddable":true,"href":"https:\/\/www.polizeimotorsport-tirol.at\/index.php?rest_route=\/wp\/v2\/users\/1"}],"replies":[{"embeddable":true,"href":"https:\/\/www.polizeimotorsport-tirol.at\/index.php?rest_route=%2Fwp%2Fv2%2Fcomments&post=114"}],"version-history":[{"count":242,"href":"https:\/\/www.polizeimotorsport-tirol.at\/index.php?rest_route=\/wp\/v2\/pages\/114\/revisions"}],"predecessor-version":[{"id":32889,"href":"https:\/\/www.polizeimotorsport-tirol.at\/index.php?rest_route=\/wp\/v2\/pages\/114\/revisions\/32889"}],"wp:attachment":[{"href":"https:\/\/www.polizeimotorsport-tirol.at\/index.php?rest_route=%2Fwp%2Fv2%2Fmedia&parent=114"}],"curies":[{"name":"wp","href":"https:\/\/api.w.org\/{rel}","templated":true}]}}