{"id":153,"date":"2018-03-01T00:08:09","date_gmt":"2018-02-28T23:08:09","guid":{"rendered":"http:\/\/www.polizeimotorsport-tirol.at\/Testseite\/?page_id=153"},"modified":"2025-09-10T13:37:12","modified_gmt":"2025-09-10T11:37:12","slug":"impressum","status":"publish","type":"page","link":"https:\/\/www.polizeimotorsport-tirol.at\/?page_id=153","title":{"rendered":"Impressum"},"content":{"rendered":"<p>[et_pb_section fb_built=&#8220;1&#8243; module_class=&#8220;header&#8220; _builder_version=&#8220;4.16&#8243; background_color=&#8220;#212356&#8243; custom_padding=&#8220;30px|0px|30px|0px|false|false&#8220; global_colors_info=&#8220;{}&#8220;][et_pb_row disabled_on=&#8220;off|off|off&#8220; _builder_version=&#8220;4.16&#8243; background_size=&#8220;initial&#8220; background_position=&#8220;top_left&#8220; background_repeat=&#8220;repeat&#8220; global_colors_info=&#8220;{}&#8220;][et_pb_column type=&#8220;4_4&#8243; _builder_version=&#8220;4.16&#8243; custom_padding=&#8220;|||&#8220; global_colors_info=&#8220;{}&#8220; custom_padding__hover=&#8220;|||&#8220;][et_pb_text _builder_version=&#8220;4.16&#8243; text_font=&#8220;||||||||&#8220; background_size=&#8220;initial&#8220; background_position=&#8220;top_left&#8220; background_repeat=&#8220;repeat&#8220; background_layout=&#8220;dark&#8220; global_colors_info=&#8220;{}&#8220;]<\/p>\n<p style=\"text-align: justify;\"><span style=\"font-size: 16px; font-family: verdana, geneva, sans-serif;\">Diese Homepage ist ein in unregelm\u00e4\u00dfigen Abst\u00e4nden aktualisiertes Kommunikations- und Pr\u00e4sentationsmedium zur Darstellung der Aktivit\u00e4ten des Polizeisportvereines Tirol und anderen befreundeten Organisationen, Firmen\u00a0und Institutionen. Diese Homepage erhebt keine Anspr\u00fcche auf Aktualit\u00e4t, Vollst\u00e4ndigkeit und Richtigkeit.<\/span><\/p>\n<p style=\"text-align: justify;\"><span style=\"font-size: 16px; font-family: verdana, geneva, sans-serif;\">Die Homepage wird vom Polizeisportverein (ehem. Gendarmeriesportverein) Tirol , Sektion Motorsport (Sitz: Kapuzinergasse 1, 6020 Innsbruck, Tirol, \u00d6sterreich, TelNr. +43(0)59133-70) deren Mitgliedern und zur allgemeinen Information zur Verf\u00fcgung gestellt. Eine weitere Nutzung und die Verwertung des Inhaltes unterliegt den gesetzlichen Bestimmungen (Urheberrechtsbestimmungen, Zivil- und Strafrecht etc.)<\/span><\/p>\n<p style=\"text-align: justify;\"><span style=\"font-size: 16px; font-family: verdana, geneva, sans-serif;\">Der Gerichtsstand ist Innsbruck. Alle weiteren Informationen zum Verein k\u00f6nnen aus den Vereinsstatuten (befinden sich auf der Homepage &#8222;<a href=\"http:\/\/www.psv-tirol.at\/\">www.psv-tirol.at<\/a>&#8222;) entnommen\u00a0werden. Die internen Regelungen (Gesch\u00e4ftsordnung) sind darin nicht enthalten.<\/span><\/p>\n<p style=\"text-align: justify;\">\n<table width=\"620\">\n<tbody>\n<tr>\n<td width=\"106\"><span style=\"font-size: 16px; font-family: verdana, geneva, sans-serif;\"><strong>Haftungshinweis<\/strong>:<\/span><\/td>\n<td width=\"513\"><span style=\"font-size: 16px; font-family: verdana, geneva, sans-serif;\">Trotz sorgf\u00e4ltiger inhaltlicher Kontrolle \u00fcbernehmen\u00a0wir keine Haftung f\u00fcr die Inhalte externer Links. F\u00fcr den Inhalt der verlinkten Seiten sind ausschlie\u00dflich deren Betreiber verantwortlich.<\/span><\/td>\n<\/tr>\n<\/tbody>\n<\/table>\n<p>[\/et_pb_text][\/et_pb_column][\/et_pb_row][\/et_pb_section]<\/p>\n","protected":false},"excerpt":{"rendered":"<p>Diese Homepage ist ein in unregelm\u00e4\u00dfigen Abst\u00e4nden aktualisiertes Kommunikations- und Pr\u00e4sentationsmedium zur Darstellung der Aktivit\u00e4ten des Polizeisportvereines Tirol und anderen befreundeten Organisationen, Firmen\u00a0und Institutionen. Diese Homepage erhebt keine Anspr\u00fcche auf Aktualit\u00e4t, Vollst\u00e4ndigkeit und Richtigkeit. Die Homepage wird vom Polizeisportverein (ehem. Gendarmeriesportverein) Tirol , Sektion Motorsport (Sitz: Kapuzinergasse 1, 6020 Innsbruck, Tirol, \u00d6sterreich, TelNr. +43(0)59133-70) deren [&hellip;]<\/p>\n","protected":false},"author":1,"featured_media":0,"parent":0,"menu_order":0,"comment_status":"closed","ping_status":"closed","template":"","meta":{"_et_pb_use_builder":"on","_et_pb_old_content":"<p style=\"text-align: justify;\"><span style=\"font-size: 16px; font-family: verdana, geneva, sans-serif;\">Diese Homepage ist ein in unregelm\u00e4\u00dfigen Abst\u00e4nden aktualisiertes Kommunikations- und Pr\u00e4sentationsmedium zur Darstellung der Aktivit\u00e4ten des Polizeisportvereines Tirol und anderen befreundeten Organisationen, Firmen\u00a0und Institutionen. Diese Homepage erhebt keine Anspr\u00fcche auf Aktualit\u00e4t, Vollst\u00e4ndigkeit und Richtigkeit.<\/span><\/p><p style=\"text-align: justify;\"><span style=\"font-size: 16px; font-family: verdana, geneva, sans-serif;\">Die Homepage wird vom Polizeisportverein (ehem. Gendarmeriesportverein)\u00a0Tirol , Sektion Motorsport (Sitz: Innrain 34, 6020 Innsbruck, Tirol, \u00d6sterreich,\u00a0TelNr. +43(0)59133-70) deren Mitgliedern und zur allgemeinen Information zur Verf\u00fcgung gestellt.\u00a0Eine weitere Nutzung und die Verwertung des Inhaltes unterliegt den gesetzlichen Bestimmungen (Urheberrechtsbestimmungen, Zivil- und Strafrecht etc.)<\/span><\/p><p style=\"text-align: justify;\"><span style=\"font-size: 16px; font-family: verdana, geneva, sans-serif;\">Der Gerichtsstand ist Innsbruck. Alle weiteren Informationen zum Verein k\u00f6nnen aus den Vereinsstatuten (befinden sich auf der Homepage \"<a href=\"http:\/\/www.psv-tirol.at\/\">www.psv-tirol.at<\/a>\") entnommen\u00a0werden. Die internen Regelungen (Gesch\u00e4ftsordnung) sind darin nicht enthalten.<\/span><\/p><table width=\"620\"><tbody><tr><td width=\"106\"><span style=\"font-size: 16px; font-family: verdana, geneva, sans-serif;\"><strong>Haftungshinweis<\/strong>:<\/span><\/td><td width=\"513\"><span style=\"font-size: 16px; font-family: verdana, geneva, sans-serif;\">Trotz sorgf\u00e4ltiger inhaltlicher Kontrolle \u00fcbernehmen\u00a0wir keine Haftung f\u00fcr die Inhalte externer Links. F\u00fcr den Inhalt der verlinkten Seiten sind ausschlie\u00dflich deren Betreiber verantwortlich.<\/span><\/td><\/tr><\/tbody><\/table>","_et_gb_content_width":"","footnotes":""},"class_list":["post-153","page","type-page","status-publish","hentry"],"_links":{"self":[{"href":"https:\/\/www.polizeimotorsport-tirol.at\/index.php?rest_route=\/wp\/v2\/pages\/153","targetHints":{"allow":["GET"]}}],"collection":[{"href":"https:\/\/www.polizeimotorsport-tirol.at\/index.php?rest_route=\/wp\/v2\/pages"}],"about":[{"href":"https:\/\/www.polizeimotorsport-tirol.at\/index.php?rest_route=\/wp\/v2\/types\/page"}],"author":[{"embeddable":true,"href":"https:\/\/www.polizeimotorsport-tirol.at\/index.php?rest_route=\/wp\/v2\/users\/1"}],"replies":[{"embeddable":true,"href":"https:\/\/www.polizeimotorsport-tirol.at\/index.php?rest_route=%2Fwp%2Fv2%2Fcomments&post=153"}],"version-history":[{"count":11,"href":"https:\/\/www.polizeimotorsport-tirol.at\/index.php?rest_route=\/wp\/v2\/pages\/153\/revisions"}],"predecessor-version":[{"id":32797,"href":"https:\/\/www.polizeimotorsport-tirol.at\/index.php?rest_route=\/wp\/v2\/pages\/153\/revisions\/32797"}],"wp:attachment":[{"href":"https:\/\/www.polizeimotorsport-tirol.at\/index.php?rest_route=%2Fwp%2Fv2%2Fmedia&parent=153"}],"curies":[{"name":"wp","href":"https:\/\/api.w.org\/{rel}","templated":true}]}}