{"id":24703,"date":"2018-03-03T16:19:53","date_gmt":"2018-03-03T15:19:53","guid":{"rendered":"http:\/\/www.polizeimotorsport-tirol.at\/Testseite\/?page_id=24703"},"modified":"2025-09-10T14:26:08","modified_gmt":"2025-09-10T12:26:08","slug":"die-sektion","status":"publish","type":"page","link":"https:\/\/www.polizeimotorsport-tirol.at\/?page_id=24703","title":{"rendered":"Die Sektion"},"content":{"rendered":"<p>[et_pb_section fb_built=&#8220;1&#8243; specialty=&#8220;on&#8220; _builder_version=&#8220;4.16&#8243; background_color=&#8220;#212356&#8243; custom_padding=&#8220;0px|0px|37px|0px&#8220; global_colors_info=&#8220;{}&#8220;][et_pb_column type=&#8220;1_3&#8243; _builder_version=&#8220;4.16&#8243; custom_padding=&#8220;|||&#8220; global_colors_info=&#8220;{}&#8220; custom_padding__hover=&#8220;|||&#8220;][et_pb_image src=&#8220;https:\/\/www.polizeimotorsport-tirol.at\/wp-content\/uploads\/2018\/03\/gruppech.jpg&#8220; align_tablet=&#8220;center&#8220; align_last_edited=&#8220;on|desktop&#8220; _builder_version=&#8220;4.16&#8243; custom_margin=&#8220;||0px|&#8220; custom_padding=&#8220;5px||0px|&#8220; animation_style=&#8220;slide&#8220; animation_direction=&#8220;left&#8220; animation_delay=&#8220;200ms&#8220; animation_intensity_slide=&#8220;10%&#8220; border_radii=&#8220;on|5px|5px|5px|5px&#8220; border_width_all=&#8220;5px&#8220; border_color_all=&#8220;#c30f1a&#8220; box_shadow_style=&#8220;preset2&#8243; box_shadow_horizontal=&#8220;15px&#8220; box_shadow_vertical=&#8220;15px&#8220; global_colors_info=&#8220;{}&#8220; align_phone=&#8220;center&#8220;][\/et_pb_image][\/et_pb_column][et_pb_column type=&#8220;2_3&#8243; specialty_columns=&#8220;2&#8243; _builder_version=&#8220;4.16&#8243; custom_padding=&#8220;|||&#8220; global_colors_info=&#8220;{}&#8220; custom_padding__hover=&#8220;|||&#8220;][et_pb_row_inner _builder_version=&#8220;4.16&#8243; global_colors_info=&#8220;{}&#8220;][et_pb_column_inner saved_specialty_column_type=&#8220;2_3&#8243; _builder_version=&#8220;4.16&#8243; custom_padding=&#8220;|||&#8220; global_colors_info=&#8220;{}&#8220; custom_padding__hover=&#8220;|||&#8220;][et_pb_text _builder_version=&#8220;4.16&#8243; text_font=&#8220;||||||||&#8220; background_size=&#8220;initial&#8220; background_position=&#8220;top_left&#8220; background_repeat=&#8220;repeat&#8220; background_layout=&#8220;dark&#8220; animation_style=&#8220;slide&#8220; animation_direction=&#8220;right&#8220; animation_duration=&#8220;800ms&#8220; animation_delay=&#8220;200ms&#8220; animation_intensity_slide=&#8220;10%&#8220; global_colors_info=&#8220;{}&#8220;]<\/p>\n<p style=\"text-align: justify;\">Im Jahre 1987 fanden die Gendarmeriebundesmeisterschaften in Tirol statt. Damals wurden die KFZ-Geschicklichkeitsbewerbe in der Axamer Lizum ausgetragen.<\/p>\n<p style=\"text-align: justify;\">Da es nach diesen Bundesmeisterschaften in der Sektion Motorsport des GSVT zu Unstimmigkeiten kam, legten einige Funktion\u00e4re ihre T\u00e4tigkeit nieder, wodurch es zu einer Aufl\u00f6sung der damaligen Sektion kam.<\/p>\n<p style=\"text-align: justify;\">Bei der Jahreshauptversammlung des Gendarmeriesportvereines Tirol im Jahre 1988, wurde Hptm. Ing. Wolfgang ORTNER mit der Neugr\u00fcndung der Sektion beauftragt.<\/p>\n<p style=\"text-align: justify;\">Bei einem Gespr\u00e4ch in der Kantine des Landesgendarmeriekommandos f\u00fcr Tirol wurde Ing. ORTNER von Georg GREIL und Josef PEER die Mithilfe zum Neuaufbau der Sektion Motorsport zugesagt. Es wurden daraufhin mittels Fernschreiben und pers\u00f6nlicher Kontakte Interessenten f\u00fcr die Sektion Motorsport geworben. Es bekundeten daraufhin 9 Beamte ihr Interesse an einer Mitgliedschaft bei der Sektion Motorsport.<br \/>Es wurden erste Gespr\u00e4che gef\u00fchrt und beschlossen an der Gendarmerie Bundesmeisterschaft 1989 in Linz teilzunehmen. Da keiner nur die leiseste Ahnung von einem Parcouraufbau bzw. Ablauf hatte, begann f\u00fcr diese M\u00e4nner eine harte Zeit. Es musste anhand von ADAC-Regeln und der vorhandenen Unterlagen f\u00fcr die Bundesmeisterschaften der Parcours aufgebaut werden. Da bei den Bewerben in Linz die Strafpunkte als auch die Zeit zur Ermittlung des Ergebnisses herangezogen wurden, wurde gerechnet und herumgekl\u00fcgelt, was wohl f\u00fcr die Entscheidung ausschlaggebender sein d\u00fcrfte. Im Sommer 1989 wurde dann unter der Leitung von Josef PEER auf dem Autobahnparkplatz in N\u00f6\u00dflach trainiert.<br \/>Die Teilnahme an der 1. Bundesmeisterschaft 1989, welche im September 1989 in Linz stattfand, war f\u00fcr die Mitglieder der neu gegr\u00fcndeten Sektion Motorsport wie ein Sprung ins Unbekannte.<\/p>\n<p>[\/et_pb_text][\/et_pb_column_inner][\/et_pb_row_inner][\/et_pb_column][\/et_pb_section][et_pb_section fb_built=&#8220;1&#8243; fullwidth=&#8220;on&#8220; _builder_version=&#8220;4.16&#8243; custom_padding=&#8220;36px|0px|0px|0px&#8220; global_colors_info=&#8220;{}&#8220;][et_pb_fullwidth_header _builder_version=&#8220;4.16&#8243; background_color_gradient_direction=&#8220;237deg&#8220; background_layout=&#8220;light&#8220; custom_margin=&#8220;-50px||-50px|&#8220; global_colors_info=&#8220;{}&#8220; button_one_text_size__hover_enabled=&#8220;off&#8220; button_two_text_size__hover_enabled=&#8220;off&#8220; button_one_text_color__hover_enabled=&#8220;off&#8220; button_two_text_color__hover_enabled=&#8220;off&#8220; button_one_border_width__hover_enabled=&#8220;off&#8220; button_two_border_width__hover_enabled=&#8220;off&#8220; button_one_border_color__hover_enabled=&#8220;off&#8220; button_two_border_color__hover_enabled=&#8220;off&#8220; button_one_border_radius__hover_enabled=&#8220;off&#8220; button_two_border_radius__hover_enabled=&#8220;off&#8220; button_one_letter_spacing__hover_enabled=&#8220;off&#8220; button_two_letter_spacing__hover_enabled=&#8220;off&#8220; button_one_bg_color__hover_enabled=&#8220;off&#8220; button_two_bg_color__hover_enabled=&#8220;off&#8220;][\/et_pb_fullwidth_header][\/et_pb_section][et_pb_section fb_built=&#8220;1&#8243; specialty=&#8220;on&#8220; _builder_version=&#8220;4.16&#8243; background_color=&#8220;#212356&#8243; custom_padding=&#8220;40px|0px|0px|0px&#8220; global_colors_info=&#8220;{}&#8220;][et_pb_column type=&#8220;2_3&#8243; specialty_columns=&#8220;2&#8243; _builder_version=&#8220;4.16&#8243; custom_padding=&#8220;|||&#8220; global_colors_info=&#8220;{}&#8220; custom_padding__hover=&#8220;|||&#8220;][et_pb_row_inner _builder_version=&#8220;4.16&#8243; global_colors_info=&#8220;{}&#8220;][et_pb_column_inner saved_specialty_column_type=&#8220;2_3&#8243; _builder_version=&#8220;4.16&#8243; custom_padding=&#8220;|||&#8220; global_colors_info=&#8220;{}&#8220; custom_padding__hover=&#8220;|||&#8220;][et_pb_text _builder_version=&#8220;4.16&#8243; text_font=&#8220;||||||||&#8220; background_layout=&#8220;dark&#8220; animation_style=&#8220;slide&#8220; animation_direction=&#8220;left&#8220; animation_delay=&#8220;200ms&#8220; animation_intensity_slide=&#8220;10%&#8220; global_colors_info=&#8220;{}&#8220;]<\/p>\n<p style=\"text-align: justify;\">Am 1. Tag der Bundesmeisterschaft stand der PKW-Bewerb auf dem Programm. Die &#8222;Tiroler Recken&#8220; gingen mit viel Selbstvertrauen in den Bewerb und gaben m\u00e4chtig Gas. Dass dabei ziemlich Fehlerpunkte kassiert wurden war nicht zu \u00fcbersehen. Von arrivierten Teilnehmern\u00a0\u00a0aus anderen Bundesl\u00e4ndern wurden die Tiroler mitleidig bel\u00e4chelt und Ausdr\u00fccke wie &#8222;Verr\u00fcckte&#8220;, &#8222;wilde Hunde &#8230; .. Chaoten&#8220; usw waren zu h\u00f6ren, was aufgrund der Fahrweise der Tiroler Teilnehmer nicht ganz abwegig war. Mit h\u00e4ngenden K\u00f6pfen und der Gewissheit bei diesem Bewerb keine Lorbeeren geerntet zu haben, verlie\u00dfen sie den Ort des Geschehens.<br \/>Andreas LEITGEB, der am Nachmittag nochmals zum Bewerbsplatz gefahren war, brachte\u00a0am sp\u00e4ten Nachmittag die &#8222;Tiroler Truppe&#8220; in helle Aufregung, als er Gerhard\u00a0NIEDERWIESER zum Sieg im PKW Bewerb gratulierte. Dies wurde mit Ungl\u00e4ubigkeit\u00a0quittiert und erst als der Beweis schwarz auf wei\u00df erbracht wurde brach ein Jubelsturm aus.<br \/>Dieser Triumph wurde dann auch noch durch den Sieg im PKW-Mannschafts-bewerb\u00a0vervollst\u00e4ndigt. Stolz und gl\u00fccklich fuhr die &#8222;Tiroler Truppe&#8220; wieder nach Hause.<\/p>\n<p style=\"text-align: justify;\">Dies war das erste Auftreten der Mitglieder der neu gegr\u00fcndeten Sektion Motorsport bei den\u00a0Gendarmerie-Bundesmeisterschaften. Damals stellte sich schon heraus, dass Tirol \u00fcber sehr gute &#8222;Lenkradakrobaten&#8220; verf\u00fcgt, was\u00a0sich in den folgenden Jahren durch Siege bei den Bundesmeisterschaften bewies.<\/p>\n<p style=\"text-align: justify;\">Somit war der erste Grundstein in der Geschichte der neu gegr\u00fcndeten Sektion Motorsport\u00a0gelegt und man konnte daran gehen, diese zu einer gut funktionierenden Sektion auszubauen.<\/p>\n<p style=\"text-align: justify;\">Es kam daher am 9. November 1989 zu einer ersten Sitzung der Sektion Motorsport im Cafe\u00a0Plank in Innsbruck. Zu dieser Sitzung kamen 12 Mitglieder der Sektion. Der Sektionsleiter, Ing. Wolfgang ORTNER, gratulierte den erfolgreichen Teilnehmern der\u00a0Bundesmeisterschaft.<\/p>\n<p style=\"text-align: justify;\">Weiters wurden zur Unterst\u00fctzung des Sektionsleiters folgende Mitglieder gew\u00e4hlt:<br \/>Sportlicher Leiter: PEER Josef<br \/>Kassier: GREIL Georg<br \/>Schriftf\u00fchrer: SOYER Josef<\/p>\n<p style=\"text-align: justify;\">In der folgenden Diskussion wurden Vorschl\u00e4ge f\u00fcr k\u00fcnftige Veranstaltungen eingebracht\u00a0und die Weichen f\u00fcr die Zukunft der Sektion gestellt. Weiters wurde festgelegt, dass jedem 1. Donnerstag im Monat ein Clubabend abgehalten\u00a0wird. Dies wurde bis heute beibehalten, nur wurde im Laufe der Zeit der Mittwoch an Stelle\u00a0des Donnerstags herangezogen.<\/p>\n<p style=\"text-align: justify;\">Durch die Einsatzfreude der Mitglieder und die musterg\u00fcltige Organisation von Veranstaltungen, mauserten sich die Motorsportler in k\u00fcrzester Zeit zur besten Sektion\u00a0innerhalb des Gendarmeriesportvereines Tirol.<\/p>\n<p>[\/et_pb_text][\/et_pb_column_inner][\/et_pb_row_inner][\/et_pb_column][et_pb_column type=&#8220;1_3&#8243; _builder_version=&#8220;4.16&#8243; custom_padding=&#8220;|||&#8220; global_colors_info=&#8220;{}&#8220; custom_padding__hover=&#8220;|||&#8220;][et_pb_image src=&#8220;https:\/\/www.polizeimotorsport-tirol.at\/wp-content\/uploads\/2018\/03\/30.jpg&#8220; align_tablet=&#8220;center&#8220; align_last_edited=&#8220;on|desktop&#8220; _builder_version=&#8220;4.16&#8243; animation_style=&#8220;slide&#8220; animation_direction=&#8220;right&#8220; animation_delay=&#8220;200ms&#8220; animation_intensity_slide=&#8220;10%&#8220; border_radii=&#8220;on|5px|5px|5px|5px&#8220; border_width_all=&#8220;5px&#8220; border_color_all=&#8220;#c30f1a&#8220; box_shadow_style=&#8220;preset2&#8243; box_shadow_horizontal=&#8220;15px&#8220; box_shadow_vertical=&#8220;15px&#8220; global_colors_info=&#8220;{}&#8220; align_phone=&#8220;center&#8220;][\/et_pb_image][\/et_pb_column][\/et_pb_section]<\/p>\n","protected":false},"excerpt":{"rendered":"<p>Im Jahre 1987 fanden die Gendarmeriebundesmeisterschaften in Tirol statt. Damals wurden die KFZ-Geschicklichkeitsbewerbe in der Axamer Lizum ausgetragen. Da es nach diesen Bundesmeisterschaften in der Sektion Motorsport des GSVT zu Unstimmigkeiten kam, legten einige Funktion\u00e4re ihre T\u00e4tigkeit nieder, wodurch es zu einer Aufl\u00f6sung der damaligen Sektion kam. Bei der Jahreshauptversammlung des Gendarmeriesportvereines Tirol im Jahre [&hellip;]<\/p>\n","protected":false},"author":1,"featured_media":0,"parent":0,"menu_order":0,"comment_status":"closed","ping_status":"closed","template":"","meta":{"_et_pb_use_builder":"on","_et_pb_old_content":"<p>Im Jahre 1987 fanden die Gendarmeriebundesmeisterschaften in Tirol statt. Damals wurden die KFZ-Geschicklichkeitsbewerbe in der Axamer Lizum ausgetragen.<\/p><p>Da es nach diesen Bundesmeisterschaften in der Sektion Motorsport des GSVT zu Unstimmigkeiten kam, legten einige Funktion\u00e4re ihre T\u00e4tigkeit nieder, wodurch es zu einer Aufl\u00f6sung der damaligen Sektion kam.<\/p><p>Bei der Jahreshauptversammlung des Gendarmeriesportvereines Tirol im Jahre 1988, wurde Hptm. Ing. Wolfgang ORTNER mit der Neugr\u00fcndung der Sektion beauftragt.<\/p><p>Bei einem Gespr\u00e4ch in der Kantine des Landesgendarmeriekommandos f\u00fcr Tirol wurde Ing. ORTNER von Georg GREIL und Josef PEER die Mithilfe zum Neuaufbau der Sektion Motorsport zugesagt.<br \/> Es wurden daraufhin mittels Fernschreiben und pers\u00f6nlicher Kontakte Interessenten f\u00fcr die Sektion Motorsport geworben.<br \/> Es bekundeten daraufhin 9 Beamte ihr Interesse an einer Mitgliedschaft bei der Sektion Motorsport.<br \/> Es wurden erste Gespr\u00e4che gef\u00fchrt und beschlossen an der Gendarmerie Bundesmeisterschaft 1989 in Linz teilzunehmen.<br \/> Da keiner nur die leiseste Ahnung von einem Parcouraufbau bzw. Ablauf hatte, begann f\u00fcr diese M\u00e4nner eine harte Zeit. Es mu\u00dfte anhand von ADAC-Regeln und der vorhandenen<br \/> Unterlagen f\u00fcr die Bundesmeisterschaften der Parcour aufgebaut werden. Da bei den Bewerben in Linz die Strafpunkte als auch die Zeit zur Ermittlung des Ergebnisses<br \/> herangezogen wurden, wurde gerechnet und herumgekl\u00fcgelt, was wohl f\u00fcr die Entscheidung ausschlaggebender sein d\u00fcrfte.<br \/> Im Sommer 1989 wurde dann unter der Leitung von Josef PEER auf dem Autobahnparkplatz in N\u00f6\u00dflach trainiert.<br \/> Die Teilnahme an der 1. Bundesmeisterschaft 1989, welche im September 1989 in Linz stattfand, war f\u00fcr die Mitglieder der neu gegr\u00fcndeten Sektion Motorsport wie ein Sprung ins Unbekannte.<\/p>","_et_gb_content_width":"","footnotes":""},"class_list":["post-24703","page","type-page","status-publish","hentry"],"_links":{"self":[{"href":"https:\/\/www.polizeimotorsport-tirol.at\/index.php?rest_route=\/wp\/v2\/pages\/24703","targetHints":{"allow":["GET"]}}],"collection":[{"href":"https:\/\/www.polizeimotorsport-tirol.at\/index.php?rest_route=\/wp\/v2\/pages"}],"about":[{"href":"https:\/\/www.polizeimotorsport-tirol.at\/index.php?rest_route=\/wp\/v2\/types\/page"}],"author":[{"embeddable":true,"href":"https:\/\/www.polizeimotorsport-tirol.at\/index.php?rest_route=\/wp\/v2\/users\/1"}],"replies":[{"embeddable":true,"href":"https:\/\/www.polizeimotorsport-tirol.at\/index.php?rest_route=%2Fwp%2Fv2%2Fcomments&post=24703"}],"version-history":[{"count":14,"href":"https:\/\/www.polizeimotorsport-tirol.at\/index.php?rest_route=\/wp\/v2\/pages\/24703\/revisions"}],"predecessor-version":[{"id":32810,"href":"https:\/\/www.polizeimotorsport-tirol.at\/index.php?rest_route=\/wp\/v2\/pages\/24703\/revisions\/32810"}],"wp:attachment":[{"href":"https:\/\/www.polizeimotorsport-tirol.at\/index.php?rest_route=%2Fwp%2Fv2%2Fmedia&parent=24703"}],"curies":[{"name":"wp","href":"https:\/\/api.w.org\/{rel}","templated":true}]}}