{"id":25462,"date":"2018-12-08T17:38:01","date_gmt":"2018-12-08T16:38:01","guid":{"rendered":"http:\/\/www.polizeimotorsport-tirol.at\/?page_id=25462"},"modified":"2018-12-08T17:39:59","modified_gmt":"2018-12-08T16:39:59","slug":"25462-2","status":"publish","type":"page","link":"https:\/\/www.polizeimotorsport-tirol.at\/?page_id=25462","title":{"rendered":"Datenschutz &#038; Cookies"},"content":{"rendered":"<p>[et_pb_section fb_built=&#8220;1&#8243; background_color=&#8220;#212356&#8243; _builder_version=&#8220;3.18&#8243;][et_pb_row _builder_version=&#8220;3.18&#8243; module_alignment=&#8220;center&#8220;][et_pb_column type=&#8220;4_4&#8243; _builder_version=&#8220;3.18&#8243; parallax=&#8220;off&#8220; parallax_method=&#8220;on&#8220;][et_pb_text background_layout=&#8220;dark&#8220; _builder_version=&#8220;3.18&#8243; text_font=&#8220;||||||||&#8220;]<\/p>\n<div class=\"page-header\">\n<h2 itemprop=\"headline\">Datenschutz &amp; Cookies<\/h2>\n<\/div>\n<div itemprop=\"articleBody\">\n<p>Der Schutz Ihrer pers\u00f6nlichen Daten ist uns ein besonderes Anliegen. Wir verarbeiten Ihre Daten daher ausschlie\u00dflich auf Grundlage der gesetzlichen Bestimmungen (DSGVO, TKG 2003). In diesen Datenschutzinformationen informieren wir Sie \u00fcber die wichtigsten Aspekte der Datenverarbeitung im Rahmen unserer Website.<\/p>\n<h3>Cookies<\/h3>\n<p>Unsere Website verwendet so genannte Cookies. Dabei handelt es sich um kleine Textdateien, die mit Hilfe des Browsers auf Ihrem Endger\u00e4t abgelegt werden. Unsere Cookies richten keinen Schaden an.<\/p>\n<p>Wir nutzen Cookies dazu, unser Angebot nutzerfreundlich zu gestalten. Einige Cookies bleiben auf Ihrem Endger\u00e4t gespeichert, bis Sie diese l\u00f6schen. Sie erm\u00f6glichen es uns, Ihren Browser beim n\u00e4chsten Besuch wiederzuerkennen.<\/p>\n<p>Wenn Sie dies nicht w\u00fcnschen, so k\u00f6nnen Sie Ihren Browser so einrichten, dass er Sie \u00fcber das Setzen von Cookies informiert und Sie dies nur im Einzelfall erlauben.<\/p>\n<p>Bei der Deaktivierung von Cookies kann die Funktionalit\u00e4t unserer Website eingeschr\u00e4nkt sein.<\/p>\n<h4>Cookie-Zustimmung<\/h4>\n<p>Wenn Sie unsere Website besuchen, erscheint am oberen Bildrand ein Banner, wo wir Sie \u00fcber die Verwendung der Cookies informieren. Dr\u00fccken Sie auf den &#8222;Ich stimme zu&#8220;-Button, wird ein Cookie gesetzt, das 30 Tage gespeichert wird.<\/p>\n<h4>Zugriffsdaten<\/h4>\n<p>Bei jedem Zugriff auf unseren Webauftritt \u00fcbermittelt Ihr Computer (Endger\u00e4t) insbesondere folgende Informationen, um Ihnen den Besuch der Website zu erm\u00f6glichen:<\/p>\n<ul>\n<li>IP-Adresse<\/li>\n<li>Datum und Uhrzeit der Anfrage<\/li>\n<li>Zeitzonendifferenz zur Greenwich Mean Time (GMT)<\/li>\n<li>Inhalt der Anforderung (konkrete Seite)<\/li>\n<li>Zugriffsstatus\/HTTP-Statuscode<\/li>\n<li>jeweils \u00fcbertragene Datenmenge<\/li>\n<li>Website, von der die Anforderung kommt<\/li>\n<li>Browser und Browsereinstellungen<\/li>\n<li>Betriebssystem und dessen Oberfl\u00e4che<\/li>\n<li>Sprache und Version der Browsersoftware<\/li>\n<\/ul>\n<p>Die oben genannten Datenfelder werden f\u00fcr eine begrenzte Zeitdauer von<span>\u00a0<\/span><strong>einer Woche (Serverlogfiles)<\/strong><span>\u00a0<\/span>bis hin zu<span>\u00a0<\/span><strong>3 Monaten (Firewalllogfiles)<\/strong><span>\u00a0<\/span>gespeichert, wobei<strong><span>\u00a0<\/span>ein Personenbezug aus diesen Daten nicht unmittelbar herstellbar<\/strong><span>\u00a0<\/span>ist, da der Personenbezug der zugeh\u00f6rigen IP-Adresse nur mittels richterlichem Beschluss durch die Beh\u00f6rde beim Verdacht auf eine Straftat bei Ihrem Provider hinterfragt werden kann. Wir verwenden diese Daten f\u00fcr den Betrieb unseres Webauftritts, insbesondere um Fehler der Website festzustellen und zu beseitigen, um die Auslastung der Website festzustellen und um Anpassungen oder Verbesserungen vorzunehmen. Die Verarbeitung der Logfiles erfolgt ausschlie\u00dflich vollautomatisiert durch den Einsatz von Software nach dem aktuellen Stand der Technik, an Anlehnung an die ISO 27001:2013 und das IT Sicherheitshandbuch.<\/p>\n<h3>Verwendung von Links<span>\u00a0<\/span><\/h3>\n<p>Die Webseite enth\u00e4lt Links zu Websites Dritter. Sobald Sie eine dieser Seiten besuchen, sind die Datenschutzbestimmungen von dieser Webseite nicht mehr g\u00fcltig. Diese Seiten wenden ihre eigenen Richtlinien und Vorgehensweisen im Bezug auf die Privatsph\u00e4re im Internet an. Wir empfehlen Ihnen daher, diese Bestimmungen gr\u00fcndlich zu lesen, bevor Sie die Website nutzen.<\/p>\n<h3>Cookies verwalten und l\u00f6schen<\/h3>\n<p>Wenn Sie Cookies blockieren oder l\u00f6schen wollen, k\u00f6nnen Sie diese \u00c4nderungen in den Browsereinstellungen vornehmen. Zur Verwaltung von Cookies erm\u00f6glichen Ihnen die meisten Browser, alle Cookies zu akzeptieren oder abzulehnen bzw. nur bestimmte Arten von Cookies zu akzeptieren. Sie k\u00f6nnen auch einstellen, dass Sie jedes Mal gefragt werden, wenn eine Website ein Cookie speichern m\u00f6chte.\u00a0 Die Verfahren zur Verwaltung und L\u00f6schung von Cookies sind unterschiedlich, je nachdem welchen Browser Sie verwenden. Um herauszufinden, wie Sie das in einem bestimmten Browser machen, k\u00f6nnen Sie die in den Browser integrierte Hilfe-Funktion nutzen.<\/p>\n<h3>Ihre Rechte<\/h3>\n<p>Ihnen stehen grunds\u00e4tzlich die Rechte auf Auskunft, Berichtigung, L\u00f6schung, Einschr\u00e4nkung, Daten\u00fcbertragbarkeit, Widerruf und Widerspruch zu. Wir werden jede Anfrage bzgl. der Wahrung Ihrer Rechte unverz\u00fcglich, sp\u00e4testens binnen der gesetzlich vorgeschriebenen Frist von 1 Monat nachkommen. Wenn Sie glauben, dass die Verarbeitung Ihrer Daten gegen das Datenschutzrecht verst\u00f6\u00dft oder Ihre datenschutzrechtlichen Anspr\u00fcche sonst in einer Weise verletzt worden sind, k\u00f6nnen Sie sich bei der Aufsichtsbeh\u00f6rde beschweren. In \u00d6sterreich ist dies die Datenschutzbeh\u00f6rde. Wickenburggasse 8-10, 1080 Wien, Tel +43 1 52 152-0, eMail:<span>\u00a0<\/span><a href=\"mailto:dsb@dsb.gv.at.\"><span id=\"cloakda7b12558b919dd3178c09d202da9e3c\"><\/span><\/a><a href=\"mailto:dsb@dsb.gv.at\">dsb@dsb.gv.at<\/a>.<\/p>\n<\/div>\n<p>[\/et_pb_text][\/et_pb_column][\/et_pb_row][\/et_pb_section]<\/p>\n","protected":false},"excerpt":{"rendered":"<p>Datenschutz &amp; Cookies Der Schutz Ihrer pers\u00f6nlichen Daten ist uns ein besonderes Anliegen. Wir verarbeiten Ihre Daten daher ausschlie\u00dflich auf Grundlage der gesetzlichen Bestimmungen (DSGVO, TKG 2003). In diesen Datenschutzinformationen informieren wir Sie \u00fcber die wichtigsten Aspekte der Datenverarbeitung im Rahmen unserer Website. Cookies Unsere Website verwendet so genannte Cookies. Dabei handelt es sich um [&hellip;]<\/p>\n","protected":false},"author":1,"featured_media":0,"parent":0,"menu_order":0,"comment_status":"closed","ping_status":"closed","template":"","meta":{"_et_pb_use_builder":"on","_et_pb_old_content":"","_et_gb_content_width":"","footnotes":""},"class_list":["post-25462","page","type-page","status-publish","hentry"],"_links":{"self":[{"href":"https:\/\/www.polizeimotorsport-tirol.at\/index.php?rest_route=\/wp\/v2\/pages\/25462","targetHints":{"allow":["GET"]}}],"collection":[{"href":"https:\/\/www.polizeimotorsport-tirol.at\/index.php?rest_route=\/wp\/v2\/pages"}],"about":[{"href":"https:\/\/www.polizeimotorsport-tirol.at\/index.php?rest_route=\/wp\/v2\/types\/page"}],"author":[{"embeddable":true,"href":"https:\/\/www.polizeimotorsport-tirol.at\/index.php?rest_route=\/wp\/v2\/users\/1"}],"replies":[{"embeddable":true,"href":"https:\/\/www.polizeimotorsport-tirol.at\/index.php?rest_route=%2Fwp%2Fv2%2Fcomments&post=25462"}],"version-history":[{"count":3,"href":"https:\/\/www.polizeimotorsport-tirol.at\/index.php?rest_route=\/wp\/v2\/pages\/25462\/revisions"}],"predecessor-version":[{"id":25467,"href":"https:\/\/www.polizeimotorsport-tirol.at\/index.php?rest_route=\/wp\/v2\/pages\/25462\/revisions\/25467"}],"wp:attachment":[{"href":"https:\/\/www.polizeimotorsport-tirol.at\/index.php?rest_route=%2Fwp%2Fv2%2Fmedia&parent=25462"}],"curies":[{"name":"wp","href":"https:\/\/api.w.org\/{rel}","templated":true}]}}