{"id":25647,"date":"2019-06-11T20:02:44","date_gmt":"2019-06-11T18:02:44","guid":{"rendered":"http:\/\/www.polizeimotorsport-tirol.at\/?page_id=25647"},"modified":"2026-01-31T17:32:39","modified_gmt":"2026-01-31T16:32:39","slug":"anmeldung-preise","status":"publish","type":"page","link":"https:\/\/www.polizeimotorsport-tirol.at\/?page_id=25647","title":{"rendered":"Anmeldung &#038; Preise"},"content":{"rendered":"<p>[et_pb_section fb_built=&#8220;1&#8243; _builder_version=&#8220;4.16&#8243; background_color=&#8220;#212356&#8243; custom_padding=&#8220;40px|0px|26px|0px&#8220; global_colors_info=&#8220;{}&#8220;][et_pb_row column_structure=&#8220;2_3,1_3&#8243; _builder_version=&#8220;4.16&#8243; global_colors_info=&#8220;{}&#8220;][et_pb_column type=&#8220;2_3&#8243; _builder_version=&#8220;4.16&#8243; global_colors_info=&#8220;{}&#8220;][et_pb_text _builder_version=&#8220;4.16&#8243; background_layout=&#8220;dark&#8220; custom_margin=&#8220;50px||10px||false|false&#8220; global_colors_info=&#8220;{}&#8220;]<\/p>\n<h1 style=\"text-align: center;\"><strong>Motodrom Grobnik, Kroatien<\/strong><\/h1>\n<h1 style=\"text-align: center;\"><b>31. August \/ 01. September 2026<\/b><\/h1>\n<p><strong><\/strong><\/p>\n<p><strong><\/strong><\/p>\n<h1 style=\"text-align: center;\"><\/h1>\n<p>[\/et_pb_text][et_pb_button button_url=&#8220;https:\/\/www.polizeimotorsport-tirol.at\/Rennstrecke\/Rijekaring\/anmeldung.php&#8220; url_new_window=&#8220;on&#8220; button_text=&#8220;zur Anmeldung&#8220; button_alignment=&#8220;center&#8220; disabled_on=&#8220;off|off|off&#8220; admin_label=&#8220;Anmeldung Pan Formular&#8220; _builder_version=&#8220;4.27.5&#8243; custom_button=&#8220;on&#8220; button_text_color=&#8220;#ffffff&#8220; button_icon=&#8220;&#xe025;||divi||400&#8243; button_icon_placement=&#8220;left&#8220; button_on_hover=&#8220;off&#8220; background_layout=&#8220;dark&#8220; custom_margin=&#8220;||15px|&#8220; custom_padding=&#8220;20px|20px|20px|50px&#8220; hover_enabled=&#8220;0&#8243; box_shadow_style=&#8220;preset2&#8243; saved_tabs=&#8220;all&#8220; global_colors_info=&#8220;{}&#8220; sticky_enabled=&#8220;0&#8243;][\/et_pb_button][et_pb_text _builder_version=&#8220;4.27.4&#8243; _module_preset=&#8220;default&#8220; global_colors_info=&#8220;{}&#8220;]<\/p>\n<p style=\"text-align: center;\"><span style=\"color: #ff0000;\"><strong>Anmeldung ab Februar 2026! ACHTUNG GE\u00c4NDERTE TEILNAHMEBEDINGUNGEN!<\/strong><\/span><\/p>\n<p>[\/et_pb_text][\/et_pb_column][et_pb_column type=&#8220;1_3&#8243; _builder_version=&#8220;4.16&#8243; global_colors_info=&#8220;{}&#8220;][et_pb_team_member name=&#8220;Mag. Stefan MARESCH, BA&#8220; position=&#8220;Rennstreckenkoordinator&#8220; image_url=&#8220;https:\/\/www.polizeimotorsport-tirol.at\/wp-content\/uploads\/2019\/05\/20190425-_7R31389.jpg&#8220; _builder_version=&#8220;4.27.4&#8243; _module_preset=&#8220;c4b15202-a8e2-4312-aaf3-60159a311b4d&#8220; width=&#8220;100%&#8220; width_last_edited=&#8220;off|desktop&#8220; max_width=&#8220;100%&#8220; link_option_url=&#8220;mailto:maresch@polizeimotorsport-tirol.at&#8220; global_colors_info=&#8220;{}&#8220; width__hover_enabled=&#8220;off|desktop&#8220;]<\/p>\n<p>Tel: +43 699 10007881<br \/><a href=\"mailto:maresch@polizeimotorsport-tirol.at\">maresch@polizeimotorsport-tirol.at<\/a><\/p>\n<p>[\/et_pb_team_member][\/et_pb_column][\/et_pb_row][et_pb_row _builder_version=&#8220;4.16&#8243; global_colors_info=&#8220;{}&#8220;][et_pb_column type=&#8220;4_4&#8243; _builder_version=&#8220;4.16&#8243; custom_padding=&#8220;|||&#8220; global_colors_info=&#8220;{}&#8220; custom_padding__hover=&#8220;|||&#8220;][et_pb_accordion _builder_version=&#8220;4.16&#8243; global_colors_info=&#8220;{}&#8220;][et_pb_accordion_item title=&#8220;Fr\u00fchbucher Preise&#8220; _builder_version=&#8220;4.16&#8243; global_colors_info=&#8220;{}&#8220; open=&#8220;on&#8220;]<\/p>\n<p>Startgeb\u00fchr f\u00fcr einen Tag &#8211; <strong>\u20ac 179,-<\/strong><br \/>Startgeb\u00fchr f\u00fcr beide Tage &#8211; <strong>\u20ac 289,-<\/strong><\/p>\n<p>Einzahlung bis 30.04.2026<\/p>\n<p>[\/et_pb_accordion_item][et_pb_accordion_item title=&#8220;Regul\u00e4re Preise&#8220; _builder_version=&#8220;4.16&#8243; global_colors_info=&#8220;{}&#8220; open=&#8220;off&#8220;]<\/p>\n<p>Startgeb\u00fchr f\u00fcr einen Tag &#8211; <strong>\u20ac 205,-<\/strong><br \/>Startgeb\u00fchr f\u00fcr beide Tage &#8211; <strong>\u20ac 329,-<\/strong><\/p>\n<p>[\/et_pb_accordion_item][et_pb_accordion_item title=&#8220;Tagespreise&#8220; _builder_version=&#8220;4.16&#8243; global_colors_info=&#8220;{}&#8220; open=&#8220;off&#8220;]<\/p>\n<p>Im Falle von offenen Startpl\u00e4tzen:<\/p>\n<p>Startgeb\u00fchr f\u00fcr einen Tag &#8211; <strong>\u20ac 225,-<\/strong><br \/>Startgeb\u00fchr f\u00fcr beide Tage &#8211; <strong>\u20ac 355,<\/strong>&#8211;<\/p>\n<p>[\/et_pb_accordion_item][et_pb_accordion_item title=&#8220;Boxenpreise&#8220; open=&#8220;off&#8220; _builder_version=&#8220;4.16&#8243; global_colors_info=&#8220;{}&#8220;]<\/p>\n<p>kleine Box (30m\u00b2) pro Tag<b> \u20ac 80,-<br \/><\/b><b><\/b>gro\u00dfe Box (60m\u00b2) pro\u00a0Tag<b> \u20ac 130,-<\/b><\/p>\n<p>[\/et_pb_accordion_item][\/et_pb_accordion][\/et_pb_column][\/et_pb_row][et_pb_row disabled_on=&#8220;on|off|off&#8220; _builder_version=&#8220;4.16&#8243; global_colors_info=&#8220;{}&#8220;][et_pb_column type=&#8220;4_4&#8243; _builder_version=&#8220;4.16&#8243; custom_padding=&#8220;|||&#8220; global_colors_info=&#8220;{}&#8220; custom_padding__hover=&#8220;|||&#8220;][et_pb_text _builder_version=&#8220;4.16&#8243; text_font=&#8220;||||||||&#8220; background_layout=&#8220;dark&#8220; custom_margin=&#8220;50px|||&#8220; global_colors_info=&#8220;{}&#8220;]<\/p>\n<p><u><b>Bankverbindung<\/b><\/u>:<\/p>\n<p>\u00dcberweisung an den\u00a0<span class=\"Stil1\">PSV Tirol Motorsport bei der Hypo Tirol<\/span><\/p>\n<p><span class=\"Stil1\"><b>IBAN<\/b>:\u00a0AT195700020011075330;\u00a0<strong>BIC\/Swiftcode<\/strong>:\u00a0HYPTAT22<br \/> <\/span><\/p>\n<p>&nbsp;<\/p>\n<p>&nbsp;<\/p>\n<table id=\"table5\" border=\"0\" width=\"100%\">\n<tbody>\n<tr>\n<td valign=\"top\"><b>Wichtig<\/b>:<\/td>\n<td valign=\"top\">1.<\/td>\n<td>Am Zahlschein bzw. bei Homebanking muss\u00a0<b>Vor<\/b>-,\u00a0<b>Zuname<\/b>,\u00a0<b>Adresse<\/b>\u00a0und unter Verwendungszweck die\u00a0<b>Rennstrecke<\/b>\u00a0des Einzahlers angegeben sein.<\/td>\n<\/tr>\n<tr>\n<td><\/td>\n<td valign=\"top\">2.<\/td>\n<td>Bei Sammelzahlungen muss unter Verwendungszweck jeder Teilnehmer angegeben sein.<\/td>\n<\/tr>\n<tr>\n<td><\/td>\n<td valign=\"top\">3.<\/td>\n<td>Einzahlungsbest\u00e4tigung zur Veranstaltung mitnehmen<\/td>\n<\/tr>\n<tr>\n<td><\/td>\n<td valign=\"top\"><\/td>\n<td>Bei Nichtbeachtung wird eine Zuordnung der Zahlung unm\u00f6glich.<\/td>\n<\/tr>\n<\/tbody>\n<\/table>\n<p>[\/et_pb_text][\/et_pb_column][\/et_pb_row][et_pb_row disabled_on=&#8220;off|on|on&#8220; _builder_version=&#8220;4.16&#8243; global_colors_info=&#8220;{}&#8220;][et_pb_column type=&#8220;4_4&#8243; _builder_version=&#8220;4.16&#8243; custom_padding=&#8220;|||&#8220; global_colors_info=&#8220;{}&#8220; custom_padding__hover=&#8220;|||&#8220;][et_pb_text _builder_version=&#8220;4.16&#8243; text_font=&#8220;||||||||&#8220; background_layout=&#8220;dark&#8220; custom_margin=&#8220;50px|||&#8220; global_colors_info=&#8220;{}&#8220;]<\/p>\n<p><u><b>Bankverbindung<\/b><\/u>:<\/p>\n<p>\u00dcberweisung an den\u00a0<span class=\"Stil1\">PSV Tirol Motorsport bei der Hypo Tirol<\/span><\/p>\n<p><span class=\"Stil1\"><b>IBAN<\/b>:\u00a0AT195700020011075330;\u00a0<strong>BIC\/Swiftcode<\/strong>:\u00a0HYPTAT22<br \/><\/span><\/p>\n<p>&nbsp;<\/p>\n<p><span style=\"text-decoration: underline;\"><strong><span class=\"Stil1\">Wichtig:<\/span><\/strong><\/span><\/p>\n<ul>\n<li><span class=\"Stil1\">Am Zahlschein bzw. bei Homebanking muss\u00a0<b>Vor<\/b>-,\u00a0<b>Zuname<\/b>,\u00a0<b>Adresse<\/b>\u00a0und unter Verwendungszweck die\u00a0<b>Rennstrecke<\/b>\u00a0des Einzahlers angegeben sein.<\/span><\/li>\n<li><span class=\"Stil1\">Bei Sammelzahlungen muss unter Verwendungszweck jeder Teilnehmer angegeben sein.<\/span><\/li>\n<li><span class=\"Stil1\">Einzahlungsbest\u00e4tigung zur Veranstaltung mitnehmen<\/span><\/li>\n<\/ul>\n<p><span class=\"Stil1\">Bei Nichtbeachtung wird eine Zuordnung der Zahlung unm\u00f6glich.<\/span><\/p>\n<p>[\/et_pb_text][\/et_pb_column][\/et_pb_row][\/et_pb_section]<\/p>\n","protected":false},"excerpt":{"rendered":"<p>Motodrom Grobnik, Kroatien 31. August \/ 01. September 2026 Anmeldung ab Februar 2026! ACHTUNG GE\u00c4NDERTE TEILNAHMEBEDINGUNGEN!Tel: +43 699 10007881maresch@polizeimotorsport-tirol.atStartgeb\u00fchr f\u00fcr einen Tag &#8211; \u20ac 179,-Startgeb\u00fchr f\u00fcr beide Tage &#8211; \u20ac 289,- Einzahlung bis 30.04.2026Startgeb\u00fchr f\u00fcr einen Tag &#8211; \u20ac 205,-Startgeb\u00fchr f\u00fcr beide Tage &#8211; \u20ac 329,-Im Falle von offenen Startpl\u00e4tzen: Startgeb\u00fchr f\u00fcr einen Tag &#8211; [&hellip;]<\/p>\n","protected":false},"author":1,"featured_media":0,"parent":25414,"menu_order":0,"comment_status":"closed","ping_status":"closed","template":"","meta":{"_et_pb_use_builder":"on","_et_pb_old_content":"","_et_gb_content_width":"","footnotes":""},"class_list":["post-25647","page","type-page","status-publish","hentry"],"_links":{"self":[{"href":"https:\/\/www.polizeimotorsport-tirol.at\/index.php?rest_route=\/wp\/v2\/pages\/25647","targetHints":{"allow":["GET"]}}],"collection":[{"href":"https:\/\/www.polizeimotorsport-tirol.at\/index.php?rest_route=\/wp\/v2\/pages"}],"about":[{"href":"https:\/\/www.polizeimotorsport-tirol.at\/index.php?rest_route=\/wp\/v2\/types\/page"}],"author":[{"embeddable":true,"href":"https:\/\/www.polizeimotorsport-tirol.at\/index.php?rest_route=\/wp\/v2\/users\/1"}],"replies":[{"embeddable":true,"href":"https:\/\/www.polizeimotorsport-tirol.at\/index.php?rest_route=%2Fwp%2Fv2%2Fcomments&post=25647"}],"version-history":[{"count":53,"href":"https:\/\/www.polizeimotorsport-tirol.at\/index.php?rest_route=\/wp\/v2\/pages\/25647\/revisions"}],"predecessor-version":[{"id":32845,"href":"https:\/\/www.polizeimotorsport-tirol.at\/index.php?rest_route=\/wp\/v2\/pages\/25647\/revisions\/32845"}],"up":[{"embeddable":true,"href":"https:\/\/www.polizeimotorsport-tirol.at\/index.php?rest_route=\/wp\/v2\/pages\/25414"}],"wp:attachment":[{"href":"https:\/\/www.polizeimotorsport-tirol.at\/index.php?rest_route=%2Fwp%2Fv2%2Fmedia&parent=25647"}],"curies":[{"name":"wp","href":"https:\/\/api.w.org\/{rel}","templated":true}]}}