{"id":84,"date":"2018-02-28T22:45:20","date_gmt":"2018-02-28T21:45:20","guid":{"rendered":"http:\/\/www.polizeimotorsport-tirol.at\/Testseite\/?page_id=84"},"modified":"2025-09-10T14:09:17","modified_gmt":"2025-09-10T12:09:17","slug":"pannonia-rennstrecke","status":"publish","type":"page","link":"https:\/\/www.polizeimotorsport-tirol.at\/?page_id=84","title":{"rendered":"Die Rennstrecke &#8211; Pannonia"},"content":{"rendered":"<p>[et_pb_section fb_built=&#8220;1&#8243; _builder_version=&#8220;4.27.4&#8243; background_image=&#8220;https:\/\/www.polizeimotorsport-tirol.at\/wp-content\/uploads\/2018\/03\/DJI_0029.jpg&#8220; parallax=&#8220;on&#8220; custom_margin=&#8220;0px|||&#8220; custom_padding=&#8220;100px|0px|100px|0px&#8220; top_divider_style=&#8220;slant2&#8243; top_divider_color=&#8220;#212356&#8243; top_divider_height=&#8220;60px&#8220; bottom_divider_style=&#8220;slant2&#8243; bottom_divider_color=&#8220;#212356&#8243; bottom_divider_height=&#8220;60px&#8220; global_colors_info=&#8220;{}&#8220; background_color=&#8220;#212356&#8243; hover_enabled=&#8220;0&#8243; sticky_enabled=&#8220;0&#8243;][et_pb_row make_equal=&#8220;on&#8220; _builder_version=&#8220;4.27.4&#8243; background_size=&#8220;initial&#8220; background_position=&#8220;top_left&#8220; background_repeat=&#8220;repeat&#8220; custom_padding=&#8220;12px|12px|12px|12px|true|true&#8220; animation_style=&#8220;slide&#8220; animation_direction=&#8220;right&#8220; animation_delay=&#8220;200ms&#8220; hover_enabled=&#8220;0&#8243; global_colors_info=&#8220;{}&#8220; sticky_enabled=&#8220;0&#8243; background_color=&#8220;#212356&#8243; border_radii=&#8220;on|30px|30px|30px|30px&#8220; custom_margin=&#8220;||25px||false|false&#8220; box_shadow_style=&#8220;preset2&#8243;][et_pb_column type=&#8220;4_4&#8243; _builder_version=&#8220;4.16&#8243; custom_padding=&#8220;|||&#8220; global_colors_info=&#8220;{}&#8220; custom_padding__hover=&#8220;|||&#8220;][et_pb_text _builder_version=&#8220;4.27.4&#8243; text_font=&#8220;||||||||&#8220; text_font_size=&#8220;17px&#8220; background_layout=&#8220;dark&#8220; custom_margin=&#8220;0px|10px|0px|10px|true|true&#8220; custom_padding=&#8220;||0px||false|false&#8220; global_colors_info=&#8220;{}&#8220; border_width_all=&#8220;0px&#8220; hover_enabled=&#8220;0&#8243; sticky_enabled=&#8220;0&#8243;]<\/p>\n<p style=\"text-align: justify;\"><span style=\"font-size: medium;\">Der\u00a0<strong>Pannonia-Ring<\/strong>\u00a0ist eine\u00a0Rennstrecke\u00a0in\u00a0Ungarn\u00a0nahe\u00a0S\u00e1rv\u00e1r, die speziell f\u00fcr Motorradrennen gebaut wurde.<\/span><\/p>\n<p style=\"text-align: justify;\"><span style=\"font-size: medium;\">Die Strecke umfasst 18 Kurven auf 4749m L\u00e4nge. Aufgrund der tollen ist f\u00fcr jeden Motorradfahrer ein Traum zu fahren. Ein Rennstreckenfahrer kann dort zeigen was er drauf hat wobei ein Neuling gleichzeitig sehr viel lernen kann. Von engen bis weiten Kurvenradien bis schnellen und langsamen Passagen, f\u00fcr jeden ist etwas dabei.<\/span><\/p>\n<p>[\/et_pb_text][\/et_pb_column][\/et_pb_row][et_pb_row _builder_version=&#8220;4.27.4&#8243; hover_enabled=&#8220;0&#8243; global_colors_info=&#8220;{}&#8220; column_structure=&#8220;1_2,1_2&#8243; background_color=&#8220;#212356&#8243; border_radii=&#8220;on|30px|30px|30px|30px&#8220; custom_padding=&#8220;15px|20px|15px|20px|true|true&#8220; sticky_enabled=&#8220;0&#8243; box_shadow_style=&#8220;preset2&#8243;][et_pb_column type=&#8220;1_2&#8243; _builder_version=&#8220;4.16&#8243; custom_padding=&#8220;|||&#8220; global_colors_info=&#8220;{}&#8220; custom_padding__hover=&#8220;|||&#8220;][et_pb_text _builder_version=&#8220;4.27.4&#8243; text_font=&#8220;||||||||&#8220; background_layout=&#8220;dark&#8220; animation_style=&#8220;slide&#8220; animation_direction=&#8220;left&#8220; animation_delay=&#8220;200ms&#8220; hover_enabled=&#8220;0&#8243; global_colors_info=&#8220;{}&#8220; sticky_enabled=&#8220;0&#8243;]<\/p>\n<p><span style=\"font-size: medium;\"><u>Daten zur Strecke:<\/u><\/span><\/p>\n<ul>\n<li><span style=\"font-size: medium;\">L\u00e4nge: 4749 m<\/span><\/li>\n<li><span style=\"font-size: medium;\">Breite: 11\u201313 m<\/span><\/li>\n<li><span style=\"font-size: medium;\">L\u00e4nge der Start- \/ Zielgeraden: 700 m<\/span><\/li>\n<li><span style=\"font-size: medium;\">Rechtskurven: 11<\/span><\/li>\n<li><span style=\"font-size: medium;\">Linkskurven: 7<\/span><\/li>\n<li><span style=\"font-size: medium;\">befestigtes Fahrerlager<\/span><\/li>\n<li><span style=\"font-size: medium;\">Boxenanlage mit 20 Einzelboxen<\/span><\/li>\n<li><span style=\"font-size: medium;\">Tower mit Verwaltungsb\u00fcros<\/span><\/li>\n<li><span style=\"font-size: medium;\">Transponderzeitmessanlage<\/span><\/li>\n<li><span style=\"font-size: medium;\">Medizinische Versorgung<\/span><\/li>\n<li><span style=\"font-size: medium;\">Hubschrauberlandeplatz<\/span><\/li>\n<li><span style=\"font-size: medium;\">Rennstreckenrestaurant<\/span><\/li>\n<li><span style=\"font-size: medium;\">Veranstaltungszelt<\/span><\/li>\n<li><span style=\"font-size: medium;\">Ringpension<\/span><\/li>\n<li><span style=\"font-size: medium;\">Schulungsr\u00e4ume f\u00fcr Seminare und Meetings<\/span><\/li>\n<li><span style=\"font-size: medium;\">Modernste Sanit\u00e4ranlagen<\/span><\/li>\n<li><span style=\"font-size: medium;\">Kinderspielplatz<\/span><\/li>\n<li><span style=\"font-size: medium;\">Tankstelle<\/span><\/li>\n<\/ul>\n<p>[\/et_pb_text][\/et_pb_column][et_pb_column type=&#8220;1_2&#8243; _builder_version=&#8220;4.16&#8243; custom_padding=&#8220;|||&#8220; global_colors_info=&#8220;{}&#8220; custom_padding__hover=&#8220;|||&#8220;][et_pb_map address=&#8220;Ostffyasszonyfa, 9512 Ungarn&#8220; zoom_level=&#8220;7&#8243; address_lat=&#8220;47.605290152879&#8243; address_lng=&#8220;16.385001928018&#8243; _builder_version=&#8220;4.27.4&#8243; module_alignment=&#8220;center&#8220; custom_margin=&#8220;80px|||&#8220; custom_padding=&#8220;|||&#8220; animation_style=&#8220;slide&#8220; animation_direction=&#8220;right&#8220; animation_delay=&#8220;200ms&#8220; hover_enabled=&#8220;0&#8243; border_radii=&#8220;on|20px|20px|20px|20px&#8220; border_width_all=&#8220;2px&#8220; border_color_all=&#8220;#212356&#8243; box_shadow_style=&#8220;preset2&#8243; box_shadow_horizontal=&#8220;25px&#8220; box_shadow_vertical=&#8220;25px&#8220; global_colors_info=&#8220;{}&#8220; sticky_enabled=&#8220;0&#8243;][et_pb_map_pin title=&#8220;Pannonia-Ring&#8220; pin_address=&#8220;Ostffyasszonyfa, 9512 Ungarn&#8220; pin_address_lat=&#8220;47.3046402&#8243; pin_address_lng=&#8220;17.0474043&#8243; _builder_version=&#8220;3.0.105&#8243; global_colors_info=&#8220;{}&#8220;]Pannonia-Ring<br \/>\n[\/et_pb_map_pin][\/et_pb_map][\/et_pb_column][\/et_pb_row][\/et_pb_section]<\/p>\n","protected":false},"excerpt":{"rendered":"<p>Der\u00a0Pannonia-Ring\u00a0ist eine\u00a0Rennstrecke\u00a0in\u00a0Ungarn\u00a0nahe\u00a0S\u00e1rv\u00e1r, die speziell f\u00fcr Motorradrennen gebaut wurde. Die Strecke umfasst 18 Kurven auf 4749m L\u00e4nge. Aufgrund der tollen ist f\u00fcr jeden Motorradfahrer ein Traum zu fahren. Ein Rennstreckenfahrer kann dort zeigen was er drauf hat wobei ein Neuling gleichzeitig sehr viel lernen kann. Von engen bis weiten Kurvenradien bis schnellen und langsamen Passagen, f\u00fcr [&hellip;]<\/p>\n","protected":false},"author":1,"featured_media":0,"parent":54,"menu_order":0,"comment_status":"closed","ping_status":"closed","template":"","meta":{"_et_pb_use_builder":"on","_et_pb_old_content":"<p>Der\u00a0<strong>Pannonia-Ring<\/strong>\u00a0ist eine\u00a0Rennstrecke\u00a0in\u00a0Ungarn\u00a0nahe\u00a0S\u00e1rv\u00e1r, die speziell f\u00fcr Motorradrennen gebaut wurde.<\/p><p style=\"text-align: left;\">Die Strecke umfasst 18 Kurven auf 4749m L\u00e4nge. Aufgrund der tollen ist f\u00fcr jeden Motorradfahrer ein Traum zu fahren.<\/p><p style=\"text-align: left;\">Ein Rennstreckenfahrer kann dort zeigen was er drauf hat wobei ein Neuling gleichzeitig sehr viel lernen kann. Von engen bis weiten Kurvenradien bis schnellen und langsamen Passagen, f\u00fcr jeden ist etwas dabei.<\/p><hr \/><p style=\"font-weight: 400;\"><u>Daten zur Strecke:<\/u><\/p><ul><li>L\u00e4nge: 4749 m<\/li><li>Breite: 11\u201313 m<\/li><li>L\u00e4nge der Start- \/ Zielgeraden: 700 m<\/li><li>Rechtskurven: 11<\/li><li>Linkskurven: 7<\/li><li>befestigtes Fahrerlager;<\/li><li>Boxenanlage mit 20 Einzelboxen;<\/li><li>Tower mit Verwaltungsb\u00fcros;<\/li><li>Transponderzeitmessanlage;<\/li><li>Medizinische Versorgung;<\/li><li>Hubschrauberlandeplatz;<\/li><li>Rennstreckenrestaurant;<\/li><li>Veranstaltungszelt;<\/li><li>Ringpension;<\/li><li>Schulungsr\u00e4ume f\u00fcr Seminare und Meetings;<\/li><li>Modernste Sanit\u00e4ranlagen;<\/li><li>Kinderspielplatz;<\/li><li>Tankstelle.<\/li><\/ul>","_et_gb_content_width":"","footnotes":""},"class_list":["post-84","page","type-page","status-publish","hentry"],"_links":{"self":[{"href":"https:\/\/www.polizeimotorsport-tirol.at\/index.php?rest_route=\/wp\/v2\/pages\/84","targetHints":{"allow":["GET"]}}],"collection":[{"href":"https:\/\/www.polizeimotorsport-tirol.at\/index.php?rest_route=\/wp\/v2\/pages"}],"about":[{"href":"https:\/\/www.polizeimotorsport-tirol.at\/index.php?rest_route=\/wp\/v2\/types\/page"}],"author":[{"embeddable":true,"href":"https:\/\/www.polizeimotorsport-tirol.at\/index.php?rest_route=\/wp\/v2\/users\/1"}],"replies":[{"embeddable":true,"href":"https:\/\/www.polizeimotorsport-tirol.at\/index.php?rest_route=%2Fwp%2Fv2%2Fcomments&post=84"}],"version-history":[{"count":28,"href":"https:\/\/www.polizeimotorsport-tirol.at\/index.php?rest_route=\/wp\/v2\/pages\/84\/revisions"}],"predecessor-version":[{"id":32805,"href":"https:\/\/www.polizeimotorsport-tirol.at\/index.php?rest_route=\/wp\/v2\/pages\/84\/revisions\/32805"}],"up":[{"embeddable":true,"href":"https:\/\/www.polizeimotorsport-tirol.at\/index.php?rest_route=\/wp\/v2\/pages\/54"}],"wp:attachment":[{"href":"https:\/\/www.polizeimotorsport-tirol.at\/index.php?rest_route=%2Fwp%2Fv2%2Fmedia&parent=84"}],"curies":[{"name":"wp","href":"https:\/\/api.w.org\/{rel}","templated":true}]}}